{"id":1539,"date":"2023-07-16T12:03:16","date_gmt":"2023-07-16T10:03:16","guid":{"rendered":"https:\/\/geafilms.com\/?page_id=1539"},"modified":"2025-01-31T16:42:17","modified_gmt":"2025-01-31T15:42:17","slug":"politica-de-cookies","status":"publish","type":"page","link":"https:\/\/geafilms.com\/en\/politica-de-cookies\/","title":{"rendered":"Cookie Policy"},"content":{"rendered":"<div data-elementor-type=\"wp-page\" data-elementor-id=\"1539\" class=\"elementor elementor-1539\" data-elementor-post-type=\"page\">\n\t\t\t\t<div class=\"elementor-element elementor-element-3d040c8 e-flex e-con-boxed e-con e-parent\" data-id=\"3d040c8\" data-element_type=\"container\" data-settings=\"{&quot;background_background&quot;:&quot;classic&quot;}\">\n\t\t\t\t\t<div class=\"e-con-inner\">\n\t\t\t\t\t<\/div>\n\t\t\t\t<\/div>\n\t\t<div class=\"elementor-element elementor-element-7e273016 e-flex e-con-boxed e-con e-parent\" data-id=\"7e273016\" data-element_type=\"container\">\n\t\t\t\t\t<div class=\"e-con-inner\">\n\t\t\t\t<div class=\"elementor-element elementor-element-6f24e14 elementor-widget elementor-widget-heading\" data-id=\"6f24e14\" data-element_type=\"widget\" data-widget_type=\"heading.default\">\n\t\t\t\t<div class=\"elementor-widget-container\">\n\t\t\t\t\t<h1 class=\"elementor-heading-title elementor-size-default\">Pol\u00edtica de cookies<\/h1>\t\t\t\t<\/div>\n\t\t\t\t<\/div>\n\t\t\t\t<div class=\"elementor-element elementor-element-201b6d97 elementor-widget elementor-widget-text-editor\" data-id=\"201b6d97\" data-element_type=\"widget\" data-widget_type=\"text-editor.default\">\n\t\t\t\t<div class=\"elementor-widget-container\">\n\t\t\t\t\t\t\t\t\t\n<p class=\"has-black-color has-ast-global-color-5-background-color has-text-color has-background\">www.geafilms.com<\/p>\n\n<p>At this website, we collect and use information as indicated in our Privacy Policy. One of the ways we collect information is through the use of a technology called \u201ccookies.\u201d At www.geafilms.com, we use cookies for various purposes.<\/p>\n\n<h3 class=\"wp-block-heading\"><strong>What is a cookie?<\/strong><\/h3>\n\n<p>A \u201ccookie\u201d is a small piece of text stored in your browser (e.g., Google Chrome or Apple Safari) when you browse most websites. <em>(p.ej. Chrome de Google o Safari de Apple)<\/em> cuando navegas por la mayor\u00eda de los sitios web.<\/p>\n\n<h3 class=\"wp-block-heading\"><strong>Acceptance of cookies<\/strong><\/h3>\n\n<p>When you access this website or application for the first time, a warning will appear informing you about the use of cookies and where you can review this cookie policy.<\/p>\n\n<p>No cookies will be downloaded until the user expressly consents to their installation. If the user agrees to the use of cookies, they will be installed on their device.<\/p>\n\n<p>In addition to the use of our own cookies, we allow third parties to set and access cookies on your device.<\/p>\n\n<h3 class=\"wp-block-heading\"><strong>What information does a cookie store?<\/strong><\/h3>\n\n<p>Cookies generally do not store sensitive personal information such as credit card or banking data, photos, or personal details, etc. The data they store is technical, statistical, related to personal preferences, content customization, etc.<\/p>\n\n<h3 class=\"wp-block-heading\"><strong>What types of cookies exist?<\/strong><\/h3>\n\n<ul class=\"wp-block-list\">\n<li>Technical cookies: These are the most basic cookies and allow, among other things, to know whether the user is a human or an automated application, whether the user is anonymous or registered, and to carry out basic functions necessary for the operation of a dynamic website.<\/li>\n\n<li>Analytics cookies: These collect information about the type of browsing being carried out, the sections most used, products viewed, time slots used, language, etc.<\/li>\n\n<li>Advertising cookies: These display ads based on your browsing behavior, country of origin, language, etc.<\/li>\n<\/ul>\n\n<h3 class=\"wp-block-heading\"><strong>Cookies accepted by regulations and exempt cookies<\/strong><\/h3>\n\n<p>According to the EU directive, analytics, advertising, and affiliate cookies require the user's informed consent. Technical cookies and those necessary for the operation of the website or the provision of services explicitly requested by the user are exempt.<\/p>\n\n<h3 class=\"wp-block-heading\"><strong>What cookies does this website use?<\/strong><\/h3>\n\n<p>This website uses both first-party and third-party cookies. The cookies used on this website include the following:<\/p>\n\n<p>FIRST-PARTY COOKIES<\/p>\n\n<p>Login: Login cookies allow you to log in and out of your www.geafilms.com account.<\/p>\n\n<p>Personalization: Cookies help us remember who or which websites you\u2019ve interacted with so we can show you relevant content.<\/p>\n\n<p>Preferences: Cookies allow us to remember your settings and preferences, such as preferred language and privacy settings.<\/p>\n\n<p>Security: We use cookies to prevent security risks, primarily to detect when someone is attempting to hack your www.geafilms.com account.<\/p>\n\n<h3><strong>THIRD-PARTY COOKIES<\/strong><\/h3>\n\n<p><em>Google Analytics Module<\/em><\/p>\n\n<p><em>Analytical Cookies<\/em><\/p>\n\n<p>Esta web utiliza servicios de an\u00e1lisis, concretamente, <em>Google Analytics<\/em> This website uses analytics services, specifically Google Analytics, to help analyze user interaction with the site and improve usability. These cookies are never associated with data that could personally identify the user. Google Analytics is a web analytics service provided by Google Inc. Users can consult the types of cookies used by Google<a href=\"https:\/\/www.google.es\/intl\/es\/policies\/technologies\/types\/\"> <em>here.<\/em><\/a> el tipo de cookies utilizadas por Google.<\/p>\n\n<p><em>Social Media Module<\/em><\/p>\n\n<p><em>Social Media Cookies<\/em><\/p>\n\n<p>Social media cookies may be stored in your browser while browsing www.geafilms.com, for example, when you use the share buttons.<\/p>\n\n<p>You can find information on social media cookies in their respective cookie policies:<\/p>\n\n<ul class=\"wp-block-list\">\n<li>Facebook Cookies:<a href=\"https:\/\/www.facebook.com\/policies\/cookies\/\"> <em>More info in their cookie policy<\/em><\/a><em>.<\/em><\/li>\n\n<li>Instagram Cookies:<a href=\"https:\/\/www.facebook.com\/policies\/cookies\/\"> <em>More info in their cookie policy<\/em><\/a>.<\/li>\n\n<li>LinkedIn Cookies: <a href=\"https:\/\/es.linkedin.com\/legal\/cookie-policy?\">More info in their cookie policy<\/a><\/li>\n<\/ul>\n\n<h3 class=\"wp-block-heading\"><strong>Can cookies be deleted?<\/strong><\/h3>\n\n<p>Yes, and not only deleted\u2014cookies can also be blocked, either generally or for a specific domain.<\/p>\n\n<p>To delete cookies from a specific website, go to your browser settings and find the cookies associated with that domain and delete them.<\/p>\n\n<ul class=\"wp-block-list\">\n<li>Cookie settings for<a href=\"http:\/\/support.google.com\/chrome\/bin\/answer.py?hl=es&amp;answer=95647\"> <em>Google Chrome<\/em><\/a><\/li>\n\n<li>Cookie settings for<a href=\"https:\/\/support.apple.com\/es-es\/HT201265\"> <em>Apple Safari<\/em><\/a><\/li>\n\n<li>Cookie settings for<a href=\"https:\/\/support.microsoft.com\/en-us\/help\/17442\/windows-internet-explorer-delete-manage-cookies#ie=ie-10\"> <em>Internet Explorer<\/em><\/a><\/li>\n\n<li>Cookie settings for<a href=\"https:\/\/support.mozilla.org\/es\/kb\/habilitar-y-deshabilitar-cookies-sitios-web-rastrear-preferencias?redirectlocale=es&amp;redirectslug=habilitar-y-deshabilitar-cookies-que-los-sitios-we\"> <em>Mozilla Firefox<\/em><\/a><\/li>\n<\/ul>\n\n<h3 class=\"wp-block-heading\"><strong>Acceptance of cookies<\/strong><\/h3>\n\n<p>When you first access this website or application, a warning will inform you about the use of cookies and where you can read this cookie policy. If the user agrees to the use of cookies, they will be installed on their device.<\/p>\n\n<p>In addition to our own cookies, we allow third parties to set cookies and access them on your device. Consent to the use of third-party cookies is tied to continued browsing on this site.<\/p>\n\n<h3 class=\"wp-block-heading\"><strong>More information about cookies<\/strong><\/h3>\n\n<p>ou can consult the guidelines on cookie use published by the Spanish Data Protection Agency in its <em>\u201c<\/em><a href=\"https:\/\/www.aepd.es\/sites\/default\/files\/2020-07\/guia-cookies.pdf\"><em>\u201cGuide on the use of cookies\u201d<\/em><\/a> and get more information at<a href=\"http:\/\/www.aboutcookies.org\/\"> <em>http:\/\/www.aboutcookies.org\/<\/em><\/a><\/p>\n\n<p>If you want more control over cookie installation, you can install programs or browser add-ons, known as <em>\u201cDo Not Track\u201d<\/em>tools, which let you choose which cookies you allow.<\/p>\n\n<p class=\"has-black-color has-ast-global-color-5-background-color has-text-color has-background\">This cookie policy was last updated in January 2025.<\/p>\n\t\t\t\t\t\t\t\t<\/div>\n\t\t\t\t<\/div>\n\t\t\t\t\t<\/div>\n\t\t\t\t<\/div>\n\t\t\t\t<\/div>","protected":false},"excerpt":{"rendered":"<p>Pol\u00edtica de cookies www.geafilms.com En esta web recopilamos y utilizamos la informaci\u00f3n seg\u00fan indicamos en nuestra pol\u00edtica de privacidad. Una de las formas en las que recopilamos informaci\u00f3n es a trav\u00e9s del uso de la tecnolog\u00eda llamada \u201ccookies\u201d. En www.geafilms.com, utilizamos cookies para varias gestiones. \u00bfQu\u00e9 es una cookie? Una \u201ccookie\u201d es una peque\u00f1a cantidad [&hellip;]<\/p>","protected":false},"author":1,"featured_media":0,"parent":0,"menu_order":0,"comment_status":"closed","ping_status":"closed","template":"","meta":{"_joinchat":[],"footnotes":""},"class_list":["post-1539","page","type-page","status-publish","hentry"],"yoast_head":"<!-- This site is optimized with the Yoast SEO plugin v25.9 - https:\/\/yoast.com\/wordpress\/plugins\/seo\/ -->\n<title>Pol\u00edtica de Cookies &#062; GeaFilms: Producciones Audiovisuales<\/title>\n<meta name=\"robots\" content=\"noindex, nofollow\" \/>\n<meta property=\"og:locale\" content=\"en_GB\" \/>\n<meta property=\"og:type\" content=\"article\" \/>\n<meta property=\"og:title\" content=\"Pol\u00edtica de Cookies &#062; GeaFilms: Producciones Audiovisuales\" \/>\n<meta property=\"og:description\" content=\"Pol\u00edtica de cookies www.geafilms.com En esta web recopilamos y utilizamos la informaci\u00f3n seg\u00fan indicamos en nuestra pol\u00edtica de privacidad. Una de las formas en las que recopilamos informaci\u00f3n es a trav\u00e9s del uso de la tecnolog\u00eda llamada \u201ccookies\u201d. En www.geafilms.com, utilizamos cookies para varias gestiones. \u00bfQu\u00e9 es una cookie? Una \u201ccookie\u201d es una peque\u00f1a cantidad [&hellip;]\" \/>\n<meta property=\"og:url\" content=\"https:\/\/geafilms.com\/en\/politica-de-cookies\/\" \/>\n<meta property=\"og:site_name\" content=\"GeaFilms: Producciones Audiovisuales\" \/>\n<meta property=\"article:modified_time\" content=\"2025-01-31T15:42:17+00:00\" \/>\n<meta property=\"og:image\" content=\"https:\/\/geafilms.com\/wp-content\/uploads\/2021\/11\/LOGO-GEAFILMS-PARA-FONDO-OSCURO.png\" \/>\n\t<meta property=\"og:image:width\" content=\"1325\" \/>\n\t<meta property=\"og:image:height\" content=\"222\" \/>\n\t<meta property=\"og:image:type\" content=\"image\/png\" \/>\n<meta name=\"twitter:card\" content=\"summary_large_image\" \/>\n<meta name=\"twitter:label1\" content=\"Estimated reading time\" \/>\n\t<meta name=\"twitter:data1\" content=\"5 minutes\" \/>\n<script type=\"application\/ld+json\" class=\"yoast-schema-graph\">{\"@context\":\"https:\/\/schema.org\",\"@graph\":[{\"@type\":\"WebPage\",\"@id\":\"https:\/\/geafilms.com\/politica-de-cookies\/\",\"url\":\"https:\/\/geafilms.com\/politica-de-cookies\/\",\"name\":\"Pol\u00edtica de Cookies &#062; GeaFilms: Producciones Audiovisuales\",\"isPartOf\":{\"@id\":\"https:\/\/geafilms.com\/#website\"},\"datePublished\":\"2023-07-16T10:03:16+00:00\",\"dateModified\":\"2025-01-31T15:42:17+00:00\",\"breadcrumb\":{\"@id\":\"https:\/\/geafilms.com\/politica-de-cookies\/#breadcrumb\"},\"inLanguage\":\"en-GB\",\"potentialAction\":[{\"@type\":\"ReadAction\",\"target\":[\"https:\/\/geafilms.com\/politica-de-cookies\/\"]}]},{\"@type\":\"BreadcrumbList\",\"@id\":\"https:\/\/geafilms.com\/politica-de-cookies\/#breadcrumb\",\"itemListElement\":[{\"@type\":\"ListItem\",\"position\":1,\"name\":\"Portada\",\"item\":\"https:\/\/geafilms.com\/\"},{\"@type\":\"ListItem\",\"position\":2,\"name\":\"Pol\u00edtica de Cookies\"}]},{\"@type\":\"WebSite\",\"@id\":\"https:\/\/geafilms.com\/#website\",\"url\":\"https:\/\/geafilms.com\/\",\"name\":\"Geafilms | Productora Audiovisual en Mallorca\",\"description\":\"Creamos videos para Alojamientos Rurales que buscan mejor visibilidad y profesionalidad en web y redes. Te ayudamos con marketing digital para conectar con m\u00e1s clientes, optimizar su experiencia y fortalecer relaciones basadas en confianza.\",\"publisher\":{\"@id\":\"https:\/\/geafilms.com\/#organization\"},\"alternateName\":\"Geafilms\",\"potentialAction\":[{\"@type\":\"SearchAction\",\"target\":{\"@type\":\"EntryPoint\",\"urlTemplate\":\"https:\/\/geafilms.com\/?s={search_term_string}\"},\"query-input\":{\"@type\":\"PropertyValueSpecification\",\"valueRequired\":true,\"valueName\":\"search_term_string\"}}],\"inLanguage\":\"en-GB\"},{\"@type\":\"Organization\",\"@id\":\"https:\/\/geafilms.com\/#organization\",\"name\":\"Geafilms | Productora Audiovisual en Mallorca\",\"url\":\"https:\/\/geafilms.com\/\",\"logo\":{\"@type\":\"ImageObject\",\"inLanguage\":\"en-GB\",\"@id\":\"https:\/\/geafilms.com\/#\/schema\/logo\/image\/\",\"url\":\"https:\/\/geafilms.com\/wp-content\/uploads\/2021\/11\/logo-apaisado-fondo-oscuro.webp\",\"contentUrl\":\"https:\/\/geafilms.com\/wp-content\/uploads\/2021\/11\/logo-apaisado-fondo-oscuro.webp\",\"width\":1563,\"height\":313,\"caption\":\"Geafilms | Productora Audiovisual en Mallorca\"},\"image\":{\"@id\":\"https:\/\/geafilms.com\/#\/schema\/logo\/image\/\"}}]}<\/script>\n<!-- \/ Yoast SEO plugin. -->","yoast_head_json":{"title":"Pol\u00edtica de Cookies &#062; GeaFilms: Producciones Audiovisuales","robots":{"index":"noindex","follow":"nofollow"},"og_locale":"en_GB","og_type":"article","og_title":"Pol\u00edtica de Cookies &#062; GeaFilms: Producciones Audiovisuales","og_description":"Pol\u00edtica de cookies www.geafilms.com En esta web recopilamos y utilizamos la informaci\u00f3n seg\u00fan indicamos en nuestra pol\u00edtica de privacidad. Una de las formas en las que recopilamos informaci\u00f3n es a trav\u00e9s del uso de la tecnolog\u00eda llamada \u201ccookies\u201d. En www.geafilms.com, utilizamos cookies para varias gestiones. \u00bfQu\u00e9 es una cookie? Una \u201ccookie\u201d es una peque\u00f1a cantidad [&hellip;]","og_url":"https:\/\/geafilms.com\/en\/politica-de-cookies\/","og_site_name":"GeaFilms: Producciones Audiovisuales","article_modified_time":"2025-01-31T15:42:17+00:00","og_image":[{"width":1325,"height":222,"url":"https:\/\/geafilms.com\/wp-content\/uploads\/2021\/11\/LOGO-GEAFILMS-PARA-FONDO-OSCURO.png","type":"image\/png"}],"twitter_card":"summary_large_image","twitter_misc":{"Estimated reading time":"5 minutes"},"schema":{"@context":"https:\/\/schema.org","@graph":[{"@type":"WebPage","@id":"https:\/\/geafilms.com\/politica-de-cookies\/","url":"https:\/\/geafilms.com\/politica-de-cookies\/","name":"Pol\u00edtica de Cookies &#062; GeaFilms: Producciones Audiovisuales","isPartOf":{"@id":"https:\/\/geafilms.com\/#website"},"datePublished":"2023-07-16T10:03:16+00:00","dateModified":"2025-01-31T15:42:17+00:00","breadcrumb":{"@id":"https:\/\/geafilms.com\/politica-de-cookies\/#breadcrumb"},"inLanguage":"en-GB","potentialAction":[{"@type":"ReadAction","target":["https:\/\/geafilms.com\/politica-de-cookies\/"]}]},{"@type":"BreadcrumbList","@id":"https:\/\/geafilms.com\/politica-de-cookies\/#breadcrumb","itemListElement":[{"@type":"ListItem","position":1,"name":"Portada","item":"https:\/\/geafilms.com\/"},{"@type":"ListItem","position":2,"name":"Pol\u00edtica de Cookies"}]},{"@type":"WebSite","@id":"https:\/\/geafilms.com\/#website","url":"https:\/\/geafilms.com\/","name":"Geafilms | Productora Audiovisual en Mallorca","description":"Creamos videos para Alojamientos Rurales que buscan mejor visibilidad y profesionalidad en web y redes. Te ayudamos con marketing digital para conectar con m\u00e1s clientes, optimizar su experiencia y fortalecer relaciones basadas en confianza.","publisher":{"@id":"https:\/\/geafilms.com\/#organization"},"alternateName":"Geafilms","potentialAction":[{"@type":"SearchAction","target":{"@type":"EntryPoint","urlTemplate":"https:\/\/geafilms.com\/?s={search_term_string}"},"query-input":{"@type":"PropertyValueSpecification","valueRequired":true,"valueName":"search_term_string"}}],"inLanguage":"en-GB"},{"@type":"Organization","@id":"https:\/\/geafilms.com\/#organization","name":"Geafilms | Productora Audiovisual en Mallorca","url":"https:\/\/geafilms.com\/","logo":{"@type":"ImageObject","inLanguage":"en-GB","@id":"https:\/\/geafilms.com\/#\/schema\/logo\/image\/","url":"https:\/\/geafilms.com\/wp-content\/uploads\/2021\/11\/logo-apaisado-fondo-oscuro.webp","contentUrl":"https:\/\/geafilms.com\/wp-content\/uploads\/2021\/11\/logo-apaisado-fondo-oscuro.webp","width":1563,"height":313,"caption":"Geafilms | Productora Audiovisual en Mallorca"},"image":{"@id":"https:\/\/geafilms.com\/#\/schema\/logo\/image\/"}}]}},"_links":{"self":[{"href":"https:\/\/geafilms.com\/en\/wp-json\/wp\/v2\/pages\/1539","targetHints":{"allow":["GET"]}}],"collection":[{"href":"https:\/\/geafilms.com\/en\/wp-json\/wp\/v2\/pages"}],"about":[{"href":"https:\/\/geafilms.com\/en\/wp-json\/wp\/v2\/types\/page"}],"author":[{"embeddable":true,"href":"https:\/\/geafilms.com\/en\/wp-json\/wp\/v2\/users\/1"}],"replies":[{"embeddable":true,"href":"https:\/\/geafilms.com\/en\/wp-json\/wp\/v2\/comments?post=1539"}],"version-history":[{"count":10,"href":"https:\/\/geafilms.com\/en\/wp-json\/wp\/v2\/pages\/1539\/revisions"}],"predecessor-version":[{"id":2148,"href":"https:\/\/geafilms.com\/en\/wp-json\/wp\/v2\/pages\/1539\/revisions\/2148"}],"wp:attachment":[{"href":"https:\/\/geafilms.com\/en\/wp-json\/wp\/v2\/media?parent=1539"}],"curies":[{"name":"wp","href":"https:\/\/api.w.org\/{rel}","templated":true}]}}