{"id":1541,"date":"2023-07-16T12:03:16","date_gmt":"2023-07-16T10:03:16","guid":{"rendered":"https:\/\/geafilms.com\/?page_id=1541"},"modified":"2025-01-31T16:53:52","modified_gmt":"2025-01-31T15:53:52","slug":"aviso-legal","status":"publish","type":"page","link":"https:\/\/geafilms.com\/en\/aviso-legal\/","title":{"rendered":"Legal Notice"},"content":{"rendered":"<div data-elementor-type=\"wp-page\" data-elementor-id=\"1541\" class=\"elementor elementor-1541\" data-elementor-post-type=\"page\">\n\t\t\t\t<div class=\"elementor-element elementor-element-3f196df8 e-flex e-con-boxed e-con e-parent\" data-id=\"3f196df8\" data-element_type=\"container\" data-settings=\"{&quot;background_background&quot;:&quot;classic&quot;}\">\n\t\t\t\t\t<div class=\"e-con-inner\">\n\t\t\t\t\t<\/div>\n\t\t\t\t<\/div>\n\t\t<div class=\"elementor-element elementor-element-760f1bc e-flex e-con-boxed e-con e-parent\" data-id=\"760f1bc\" data-element_type=\"container\">\n\t\t\t\t\t<div class=\"e-con-inner\">\n\t\t\t\t<div class=\"elementor-element elementor-element-555bdfc elementor-widget elementor-widget-heading\" data-id=\"555bdfc\" data-element_type=\"widget\" data-widget_type=\"heading.default\">\n\t\t\t\t<div class=\"elementor-widget-container\">\n\t\t\t\t\t<h1 class=\"elementor-heading-title elementor-size-default\">Legal Notice<\/h1>\t\t\t\t<\/div>\n\t\t\t\t<\/div>\n\t\t\t\t<div class=\"elementor-element elementor-element-99aaa17 elementor-widget elementor-widget-text-editor\" data-id=\"99aaa17\" data-element_type=\"widget\" data-widget_type=\"text-editor.default\">\n\t\t\t\t<div class=\"elementor-widget-container\">\n\t\t\t\t\t\t\t\t\t<p><span style=\"font-weight: 400;\">You are in a space committed to the rights of its users, and for this reason, you will receive maximum transparency and diligence regarding everything you need to know about this website.\nThis website strictly complies with Organic Law 3\/2018, of December 5, on the Protection of Personal Data and guarantee of digital rights (LOPDGDD).\nIt also complies with Regulation (EU) 2016\/679 of the European Parliament and of the Council of April 27, 2016, on the protection of natural persons (GDPR), as well as with Law 34\/2002, of July 11, on Information Society Services and Electronic Commerce (LSSICE or LSSI).\nThe services and\/or products are available only to legal entities and individuals who are at least 16 years old.<\/span><\/p><h3><strong>WEBSITE OWNER IDENTIFICATION<\/strong><\/h3><p><span style=\"font-weight: 400;\">Legal name: Ana Mar\u00eda Soria Roll\u00e1n<\/span><\/p><p><span style=\"font-weight: 400;\">VAT NO: 04303411L<\/span><\/p><p><span style=\"font-weight: 400;\">Email: info@geafilms.com<\/span><\/p><p><span style=\"font-weight: 400;\">Registered Address: Palma, Illes Balears (for the full address, please contact: info@geafilms.com)<\/span><\/p><p><span style=\"font-weight: 400;\">Its business activity is: Creation services for promotional videos, branding, social networks, web automation.<\/span><\/p><h3><strong>CONCERNED ABOUT YOUR PERSONAL DATA?<\/strong><\/h3><p><span style=\"font-weight: 400;\">Please read our <a href=\"https:\/\/geafilms.com\/en\/politica-de-privacidad\/\">Privacy Policy<\/a><\/span><\/p><h3><strong>USER COMMITMENTS AND OBLIGATIONS<\/strong><\/h3><p><span style=\"font-weight: 400;\">The user is informed and accepts that access to this website does not in any way imply the beginning of a commercial relationship with Gea Films.\nTherefore, the user agrees to use the website, its services, and its content without contravening current legislation, good faith, and public order.\n\nThe use of the website for unlawful or harmful purposes is strictly prohibited, as is any use that could damage, disable, or interfere with the normal functioning of the website.\n\nWith regard to the content of this website, the following is strictly prohibited:<\/span><\/p><p><span style=\"font-weight: 400;\">\u00a0<\/span><\/p><ul><li style=\"font-weight: 400;\" aria-level=\"2\"><span style=\"font-weight: 400;\">Reproducing, distributing, or modifying the content, in whole or in part, without my authorization as the legitimate owner.<\/span><\/li><\/ul><ul><li style=\"font-weight: 400;\" aria-level=\"2\"><span style=\"font-weight: 400;\">Any infringement of the provider\u2019s rights or mine as the legitimate owner.<\/span><\/li><\/ul><ul><li style=\"font-weight: 400;\" aria-level=\"2\"><span style=\"font-weight: 400;\">Use of the website for commercial or advertising purposes.<\/span><\/li><\/ul><p><span style=\"font-weight: 400;\">When using the website www.geafilms.com, the user agrees not to engage in any conduct that could damage the image, interests, and rights of Gea Films or third parties, or that could damage, disable, or overload the portal www.geafilms.com, or that could in any way hinder the normal use of the website.\n\nNevertheless, the user should be aware that the security measures of computer systems on the Internet are not entirely reliable, and therefore www.geafilms.com cannot guarantee the absence of malware or other harmful elements that may cause alterations to the user's computer systems (software and hardware), or to their electronic documents and files contained therein, although all necessary means and appropriate security measures are taken to prevent the presence of such harmful elements.<\/span><\/p><h3><strong>SECURITY MEASURES<\/strong><\/h3><p><span style=\"font-weight: 400;\">The personal data provided by the user to Gea Films may be stored in automated or non-automated databases, exclusively owned by Ana Mar\u00eda Soria Roll\u00e1n, who assumes full responsibility for the implementation of technical, organizational, and security measures that guarantee the confidentiality, integrity, and quality of the information, in accordance with current data protection regulations.\n\nCommunication between users and www.geafilms.com uses a secure channel, and the data transmitted is encrypted via the HTTPS protocol, ensuring the highest security standards and user confidentiality.<\/span><\/p><h3><strong>DISPUTE RESOLUTION PLATFORM<\/strong><\/h3><p><span style=\"font-weight: 400;\">Users are also provided access to the dispute resolution platform provided by the European Commission, available at the following link:<\/span><a href=\"http:\/\/ec.europa.eu\/consumers\/odr\/\"><span style=\"font-weight: 400;\"> http:\/\/ec.europa.eu\/consumers\/odr\/<\/span><\/a><\/p><h3><strong>EXTERNAL LINKS<\/strong><\/h3><p><span style=\"font-weight: 400;\">Pages on www.geafilms.com may contain links to other websites, including:<\/span><\/p><ul><li style=\"font-weight: 400;\" aria-level=\"1\"><span style=\"font-weight: 400;\">Links<\/span><\/li><li style=\"font-weight: 400;\" aria-level=\"1\"><span style=\"font-weight: 400;\">Banners<\/span><\/li><li style=\"font-weight: 400;\" aria-level=\"1\"><span style=\"font-weight: 400;\">Buttons<\/span><\/li><\/ul><p><span style=\"font-weight: 400;\">\u00a0The sole purpose of these links is to provide users with access to related content. Gea Films is not responsible for any outcomes that may arise from accessing these links.\n\nSome affiliate or sponsored content may track user browsing behavior to generate anonymous profiles. The information gathered on these external websites is subject to their respective Privacy Policies, which may differ from ours.\nTherefore, users are strongly encouraged to carefully review the privacy policies of these affiliate links.<\/span><\/p><h3><strong>DISCLAIMER OF WARRANTIES AND LIABILITY<\/strong><\/h3><p><span style=\"font-weight: 400;\">Gea Films does not provide any warranties and shall not be held liable, under any circumstances, for damages of any kind that may arise from:<\/span><\/p><ul><li style=\"font-weight: 400;\" aria-level=\"2\"><span style=\"font-weight: 400;\">Lack of availability, maintenance, or proper operation of the website, its services, or content.<\/span><\/li><\/ul><ul><li style=\"font-weight: 400;\" aria-level=\"2\"><span style=\"font-weight: 400;\">The presence of malware, malicious, or harmful content.<\/span><\/li><\/ul><ul><li style=\"font-weight: 400;\" aria-level=\"2\"><span style=\"font-weight: 400;\">Illegal, negligent, fraudulent use, or use contrary to this legal notice.<\/span><\/li><\/ul><ul><li style=\"font-weight: 400;\" aria-level=\"2\"><span style=\"font-weight: 400;\">The lack of legality, quality, reliability, usefulness, or availability of third-party services provided on this site.<\/span><\/li><\/ul><ul><li style=\"font-weight: 400;\" aria-level=\"2\"><span style=\"font-weight: 400;\">The provider shall not be held responsible under any circumstances for any damages resulting from illegal or improper use of this website.<\/span><\/li><\/ul><h3><strong>APPLICABLE LAW AND JURISDICTION<\/strong><\/h3><p><span style=\"font-weight: 400;\">In general, the relationship between Gea Films and the users of its online services present on this website is governed by Spanish legislation and jurisdiction. Any disputes shall be submitted to the courts of Ja\u00e9n, Spain.\n\nIf any user has questions regarding the conditions of this Legal Notice, or wishes to make a comment about the website www.geafilms.com, please contact us at info@geafilms.com.\n\nLast update of this Legal Notice: January 2025<\/span><\/p>\t\t\t\t\t\t\t\t<\/div>\n\t\t\t\t<\/div>\n\t\t\t\t\t<\/div>\n\t\t\t\t<\/div>\n\t\t\t\t<\/div>","protected":false},"excerpt":{"rendered":"<p>Aviso Legal Est\u00e1s en un espacio comprometido con los derechos de sus usuarios y por esta raz\u00f3n, tendr\u00e1s m\u00e1xima transparencia y rigor sobre todo que necesitas saber sobre esta web. Esta web cumple rigurosamente con la Ley Org\u00e1nica 3\/2018, de 5 de diciembre, de Protecci\u00f3n de Datos Personales y garant\u00eda de los derechos digitales (LOPDGDD). [&hellip;]<\/p>","protected":false},"author":1,"featured_media":0,"parent":0,"menu_order":0,"comment_status":"closed","ping_status":"closed","template":"","meta":{"_joinchat":[],"footnotes":""},"class_list":["post-1541","page","type-page","status-publish","hentry"],"yoast_head":"<!-- This site is optimized with the Yoast SEO plugin v25.9 - https:\/\/yoast.com\/wordpress\/plugins\/seo\/ -->\n<title>Aviso Legal &#062; GeaFilms: Producciones Audiovisuales<\/title>\n<meta name=\"robots\" content=\"noindex, nofollow\" \/>\n<meta property=\"og:locale\" content=\"en_GB\" \/>\n<meta property=\"og:type\" content=\"article\" \/>\n<meta property=\"og:title\" content=\"Aviso Legal &#062; GeaFilms: Producciones Audiovisuales\" \/>\n<meta property=\"og:description\" content=\"Aviso Legal Est\u00e1s en un espacio comprometido con los derechos de sus usuarios y por esta raz\u00f3n, tendr\u00e1s m\u00e1xima transparencia y rigor sobre todo que necesitas saber sobre esta web. Esta web cumple rigurosamente con la Ley Org\u00e1nica 3\/2018, de 5 de diciembre, de Protecci\u00f3n de Datos Personales y garant\u00eda de los derechos digitales (LOPDGDD). [&hellip;]\" \/>\n<meta property=\"og:url\" content=\"https:\/\/geafilms.com\/en\/aviso-legal\/\" \/>\n<meta property=\"og:site_name\" content=\"GeaFilms: Producciones Audiovisuales\" \/>\n<meta property=\"article:modified_time\" content=\"2025-01-31T15:53:52+00:00\" \/>\n<meta property=\"og:image\" content=\"https:\/\/geafilms.com\/wp-content\/uploads\/2021\/11\/LOGO-GEAFILMS-PARA-FONDO-OSCURO.png\" \/>\n\t<meta property=\"og:image:width\" content=\"1325\" \/>\n\t<meta property=\"og:image:height\" content=\"222\" \/>\n\t<meta property=\"og:image:type\" content=\"image\/png\" \/>\n<meta name=\"twitter:card\" content=\"summary_large_image\" \/>\n<meta name=\"twitter:label1\" content=\"Estimated reading time\" \/>\n\t<meta name=\"twitter:data1\" content=\"5 minutes\" \/>\n<script type=\"application\/ld+json\" class=\"yoast-schema-graph\">{\"@context\":\"https:\/\/schema.org\",\"@graph\":[{\"@type\":\"WebPage\",\"@id\":\"https:\/\/geafilms.com\/aviso-legal\/\",\"url\":\"https:\/\/geafilms.com\/aviso-legal\/\",\"name\":\"Aviso Legal &#062; GeaFilms: Producciones Audiovisuales\",\"isPartOf\":{\"@id\":\"https:\/\/geafilms.com\/#website\"},\"datePublished\":\"2023-07-16T10:03:16+00:00\",\"dateModified\":\"2025-01-31T15:53:52+00:00\",\"breadcrumb\":{\"@id\":\"https:\/\/geafilms.com\/aviso-legal\/#breadcrumb\"},\"inLanguage\":\"en-GB\",\"potentialAction\":[{\"@type\":\"ReadAction\",\"target\":[\"https:\/\/geafilms.com\/aviso-legal\/\"]}]},{\"@type\":\"BreadcrumbList\",\"@id\":\"https:\/\/geafilms.com\/aviso-legal\/#breadcrumb\",\"itemListElement\":[{\"@type\":\"ListItem\",\"position\":1,\"name\":\"Portada\",\"item\":\"https:\/\/geafilms.com\/\"},{\"@type\":\"ListItem\",\"position\":2,\"name\":\"Aviso Legal\"}]},{\"@type\":\"WebSite\",\"@id\":\"https:\/\/geafilms.com\/#website\",\"url\":\"https:\/\/geafilms.com\/\",\"name\":\"Geafilms | Productora Audiovisual en Mallorca\",\"description\":\"Creamos videos para Alojamientos Rurales que buscan mejor visibilidad y profesionalidad en web y redes. Te ayudamos con marketing digital para conectar con m\u00e1s clientes, optimizar su experiencia y fortalecer relaciones basadas en confianza.\",\"publisher\":{\"@id\":\"https:\/\/geafilms.com\/#organization\"},\"alternateName\":\"Geafilms\",\"potentialAction\":[{\"@type\":\"SearchAction\",\"target\":{\"@type\":\"EntryPoint\",\"urlTemplate\":\"https:\/\/geafilms.com\/?s={search_term_string}\"},\"query-input\":{\"@type\":\"PropertyValueSpecification\",\"valueRequired\":true,\"valueName\":\"search_term_string\"}}],\"inLanguage\":\"en-GB\"},{\"@type\":\"Organization\",\"@id\":\"https:\/\/geafilms.com\/#organization\",\"name\":\"Geafilms | Productora Audiovisual en Mallorca\",\"url\":\"https:\/\/geafilms.com\/\",\"logo\":{\"@type\":\"ImageObject\",\"inLanguage\":\"en-GB\",\"@id\":\"https:\/\/geafilms.com\/#\/schema\/logo\/image\/\",\"url\":\"https:\/\/geafilms.com\/wp-content\/uploads\/2021\/11\/logo-apaisado-fondo-oscuro.webp\",\"contentUrl\":\"https:\/\/geafilms.com\/wp-content\/uploads\/2021\/11\/logo-apaisado-fondo-oscuro.webp\",\"width\":1563,\"height\":313,\"caption\":\"Geafilms | Productora Audiovisual en Mallorca\"},\"image\":{\"@id\":\"https:\/\/geafilms.com\/#\/schema\/logo\/image\/\"}}]}<\/script>\n<!-- \/ Yoast SEO plugin. -->","yoast_head_json":{"title":"Aviso Legal &#062; GeaFilms: Producciones Audiovisuales","robots":{"index":"noindex","follow":"nofollow"},"og_locale":"en_GB","og_type":"article","og_title":"Aviso Legal &#062; GeaFilms: Producciones Audiovisuales","og_description":"Aviso Legal Est\u00e1s en un espacio comprometido con los derechos de sus usuarios y por esta raz\u00f3n, tendr\u00e1s m\u00e1xima transparencia y rigor sobre todo que necesitas saber sobre esta web. Esta web cumple rigurosamente con la Ley Org\u00e1nica 3\/2018, de 5 de diciembre, de Protecci\u00f3n de Datos Personales y garant\u00eda de los derechos digitales (LOPDGDD). [&hellip;]","og_url":"https:\/\/geafilms.com\/en\/aviso-legal\/","og_site_name":"GeaFilms: Producciones Audiovisuales","article_modified_time":"2025-01-31T15:53:52+00:00","og_image":[{"width":1325,"height":222,"url":"https:\/\/geafilms.com\/wp-content\/uploads\/2021\/11\/LOGO-GEAFILMS-PARA-FONDO-OSCURO.png","type":"image\/png"}],"twitter_card":"summary_large_image","twitter_misc":{"Estimated reading time":"5 minutes"},"schema":{"@context":"https:\/\/schema.org","@graph":[{"@type":"WebPage","@id":"https:\/\/geafilms.com\/aviso-legal\/","url":"https:\/\/geafilms.com\/aviso-legal\/","name":"Aviso Legal &#062; GeaFilms: Producciones Audiovisuales","isPartOf":{"@id":"https:\/\/geafilms.com\/#website"},"datePublished":"2023-07-16T10:03:16+00:00","dateModified":"2025-01-31T15:53:52+00:00","breadcrumb":{"@id":"https:\/\/geafilms.com\/aviso-legal\/#breadcrumb"},"inLanguage":"en-GB","potentialAction":[{"@type":"ReadAction","target":["https:\/\/geafilms.com\/aviso-legal\/"]}]},{"@type":"BreadcrumbList","@id":"https:\/\/geafilms.com\/aviso-legal\/#breadcrumb","itemListElement":[{"@type":"ListItem","position":1,"name":"Portada","item":"https:\/\/geafilms.com\/"},{"@type":"ListItem","position":2,"name":"Aviso Legal"}]},{"@type":"WebSite","@id":"https:\/\/geafilms.com\/#website","url":"https:\/\/geafilms.com\/","name":"Geafilms | Productora Audiovisual en Mallorca","description":"Creamos videos para Alojamientos Rurales que buscan mejor visibilidad y profesionalidad en web y redes. Te ayudamos con marketing digital para conectar con m\u00e1s clientes, optimizar su experiencia y fortalecer relaciones basadas en confianza.","publisher":{"@id":"https:\/\/geafilms.com\/#organization"},"alternateName":"Geafilms","potentialAction":[{"@type":"SearchAction","target":{"@type":"EntryPoint","urlTemplate":"https:\/\/geafilms.com\/?s={search_term_string}"},"query-input":{"@type":"PropertyValueSpecification","valueRequired":true,"valueName":"search_term_string"}}],"inLanguage":"en-GB"},{"@type":"Organization","@id":"https:\/\/geafilms.com\/#organization","name":"Geafilms | Productora Audiovisual en Mallorca","url":"https:\/\/geafilms.com\/","logo":{"@type":"ImageObject","inLanguage":"en-GB","@id":"https:\/\/geafilms.com\/#\/schema\/logo\/image\/","url":"https:\/\/geafilms.com\/wp-content\/uploads\/2021\/11\/logo-apaisado-fondo-oscuro.webp","contentUrl":"https:\/\/geafilms.com\/wp-content\/uploads\/2021\/11\/logo-apaisado-fondo-oscuro.webp","width":1563,"height":313,"caption":"Geafilms | Productora Audiovisual en Mallorca"},"image":{"@id":"https:\/\/geafilms.com\/#\/schema\/logo\/image\/"}}]}},"_links":{"self":[{"href":"https:\/\/geafilms.com\/en\/wp-json\/wp\/v2\/pages\/1541","targetHints":{"allow":["GET"]}}],"collection":[{"href":"https:\/\/geafilms.com\/en\/wp-json\/wp\/v2\/pages"}],"about":[{"href":"https:\/\/geafilms.com\/en\/wp-json\/wp\/v2\/types\/page"}],"author":[{"embeddable":true,"href":"https:\/\/geafilms.com\/en\/wp-json\/wp\/v2\/users\/1"}],"replies":[{"embeddable":true,"href":"https:\/\/geafilms.com\/en\/wp-json\/wp\/v2\/comments?post=1541"}],"version-history":[{"count":19,"href":"https:\/\/geafilms.com\/en\/wp-json\/wp\/v2\/pages\/1541\/revisions"}],"predecessor-version":[{"id":2161,"href":"https:\/\/geafilms.com\/en\/wp-json\/wp\/v2\/pages\/1541\/revisions\/2161"}],"wp:attachment":[{"href":"https:\/\/geafilms.com\/en\/wp-json\/wp\/v2\/media?parent=1541"}],"curies":[{"name":"wp","href":"https:\/\/api.w.org\/{rel}","templated":true}]}}