{"id":16,"date":"2021-11-21T15:14:44","date_gmt":"2021-11-21T15:14:44","guid":{"rendered":"https:\/\/geafilms.com\/contact\/"},"modified":"2025-06-13T01:31:45","modified_gmt":"2025-06-12T23:31:45","slug":"contacto","status":"publish","type":"page","link":"https:\/\/geafilms.com\/en\/contacto\/","title":{"rendered":"Contact"},"content":{"rendered":"<div data-elementor-type=\"wp-page\" data-elementor-id=\"16\" class=\"elementor elementor-16\" data-elementor-post-type=\"page\">\n\t\t\t\t<div class=\"elementor-element elementor-element-27ae6e9 e-flex e-con-boxed e-con e-parent\" data-id=\"27ae6e9\" data-element_type=\"container\" data-settings=\"{&quot;background_background&quot;:&quot;classic&quot;}\">\n\t\t\t\t\t<div class=\"e-con-inner\">\n\t\t\t\t<div class=\"elementor-element elementor-element-72fbb4c elementor-widget elementor-widget-heading\" data-id=\"72fbb4c\" data-element_type=\"widget\" data-widget_type=\"heading.default\">\n\t\t\t\t<div class=\"elementor-widget-container\">\n\t\t\t\t\t<h1 class=\"elementor-heading-title elementor-size-default\">Contact<\/h1>\t\t\t\t<\/div>\n\t\t\t\t<\/div>\n\t\t\t\t\t<\/div>\n\t\t\t\t<\/div>\n\t\t<div class=\"elementor-element elementor-element-8cd9286 e-flex e-con-boxed e-con e-parent\" data-id=\"8cd9286\" data-element_type=\"container\">\n\t\t\t\t\t<div class=\"e-con-inner\">\n\t\t<div class=\"elementor-element elementor-element-3bc85c8 e-con-full e-flex e-con e-child\" data-id=\"3bc85c8\" data-element_type=\"container\">\n\t\t\t\t<div class=\"elementor-element elementor-element-f79bb0e elementor-invisible elementor-widget elementor-widget-heading\" data-id=\"f79bb0e\" data-element_type=\"widget\" data-settings=\"{&quot;_animation&quot;:&quot;fadeInUp&quot;}\" data-widget_type=\"heading.default\">\n\t\t\t\t<div class=\"elementor-widget-container\">\n\t\t\t\t\t<p class=\"elementor-heading-title elementor-size-default\">Do you have a project in mind?<\/p>\t\t\t\t<\/div>\n\t\t\t\t<\/div>\n\t\t\t\t<div class=\"elementor-element elementor-element-117ae64 elementor-widget elementor-widget-text-editor\" data-id=\"117ae64\" data-element_type=\"widget\" data-widget_type=\"text-editor.default\">\n\t\t\t\t<div class=\"elementor-widget-container\">\n\t\t\t\t\t\t\t\t\t<p>Tell us which one and we will be happy to prepare a quick proposal.<\/p>\t\t\t\t\t\t\t\t<\/div>\n\t\t\t\t<\/div>\n\t\t\t\t<div class=\"elementor-element elementor-element-9854d3a elementor-button-align-stretch elementor-widget elementor-widget-form\" data-id=\"9854d3a\" data-element_type=\"widget\" data-settings=\"{&quot;step_next_label&quot;:&quot;Siguiente&quot;,&quot;step_previous_label&quot;:&quot;Anterior&quot;,&quot;button_width&quot;:&quot;100&quot;,&quot;step_type&quot;:&quot;number_text&quot;,&quot;step_icon_shape&quot;:&quot;circle&quot;}\" data-widget_type=\"form.default\">\n\t\t\t\t<div class=\"elementor-widget-container\">\n\t\t\t\t\t\t\t<form class=\"elementor-form\" method=\"post\" name=\"Nuevo formulario\" action=\"\">\n\t\t\t<input type=\"hidden\" name=\"post_id\" value=\"16\"\/>\n\t\t\t<input type=\"hidden\" name=\"form_id\" value=\"9854d3a\"\/>\n\t\t\t<input type=\"hidden\" name=\"referer_title\" value=\"GeaFilms: Producciones Audiovisuales\" \/>\n\n\t\t\t\n\t\t\t<div class=\"elementor-form-fields-wrapper elementor-labels-above\">\n\t\t\t\t\t\t\t\t<div class=\"elementor-field-type-text elementor-field-group elementor-column elementor-field-group-name elementor-col-100 elementor-field-required\">\n\t\t\t\t\t\t\t\t\t\t\t\t\t<input size=\"1\" type=\"text\" name=\"form_fields[name]\" id=\"form-field-name\" class=\"elementor-field elementor-size-sm  elementor-field-textual\" placeholder=\"Name*\" required=\"required\">\n\t\t\t\t\t\t\t\t\t\t\t<\/div>\n\t\t\t\t\t\t\t\t<div class=\"elementor-field-type-email elementor-field-group elementor-column elementor-field-group-email elementor-col-100 elementor-field-required\">\n\t\t\t\t\t\t\t\t\t\t\t\t\t<input size=\"1\" type=\"email\" name=\"form_fields[email]\" id=\"form-field-email\" class=\"elementor-field elementor-size-sm  elementor-field-textual\" placeholder=\"Email*\" required=\"required\">\n\t\t\t\t\t\t\t\t\t\t\t<\/div>\n\t\t\t\t\t\t\t\t<div class=\"elementor-field-type-select elementor-field-group elementor-column elementor-field-group-field_2c60917 elementor-col-100 elementor-field-required\">\n\t\t\t\t\t\t\t<div class=\"elementor-field elementor-select-wrapper remove-before\">\n\t\t\t<div class=\"select-caret-down-wrapper\">\n\t\t\t\t<i aria-hidden=\"true\" class=\"eicon-caret-down\"><\/i>\t\t\t<\/div>\n\t\t\t<select name=\"form_fields[field_2c60917]\" id=\"form-field-field_2c60917\" class=\"elementor-field-textual elementor-size-sm\" required=\"required\">\n\t\t\t\t\t\t\t\t\t<option value=\"Tipo de Proyecto*\">Type of project<\/option>\n\t\t\t\t\t\t\t\t\t<option value=\"Alojamiento Rural\">Rural Accommodation<\/option>\n\t\t\t\t\t\t\t\t\t<option value=\"Boda\/Evento\">Wedding\/Event<\/option>\n\t\t\t\t\t\t\t\t\t<option value=\"Corporativo\/redes\">Corporate\/networks<\/option>\n\t\t\t\t\t\t\t\t\t<option value=\"Filmaci\u00f3n de drones\">Drone filming<\/option>\n\t\t\t\t\t\t\t<\/select>\n\t\t<\/div>\n\t\t\t\t\t\t<\/div>\n\t\t\t\t\t\t\t\t<div class=\"elementor-field-type-textarea elementor-field-group elementor-column elementor-field-group-message elementor-col-100\">\n\t\t\t\t\t<textarea class=\"elementor-field-textual elementor-field  elementor-size-sm\" name=\"form_fields[message]\" id=\"form-field-message\" rows=\"4\" placeholder=\"Tell us your idea:\"><\/textarea>\t\t\t\t<\/div>\n\t\t\t\t\t\t\t\t<div class=\"elementor-field-type-acceptance elementor-field-group elementor-column elementor-field-group-field_46cf91e elementor-col-100 elementor-field-required\">\n\t\t\t\t\t\t\t<div class=\"elementor-field-subgroup\">\n\t\t\t<span class=\"elementor-field-option\">\n\t\t\t\t<input type=\"checkbox\" name=\"form_fields[field_46cf91e]\" id=\"form-field-field_46cf91e\" class=\"elementor-field elementor-size-sm  elementor-acceptance-field\" required=\"required\">\n\t\t\t\t<label for=\"form-field-field_46cf91e\">I have read and accept the <a href=\"https:\/\/geafilms.com\/en\/politica-de-privacidad\/\" rel=\"nofollow\" target=\"_blank\"> privacy policy<\/a>.\n<\/label>\t\t\t<\/span>\n\t\t<\/div>\n\t\t\t\t\t\t<\/div>\n\t\t\t\t\t\t\t\t<div class=\"elementor-field-type-recaptcha_v3 elementor-field-group elementor-column elementor-field-group-field_894d233 elementor-col-100 recaptcha_v3-bottomleft\">\n\t\t\t\t\t<div class=\"elementor-field\" id=\"form-field-field_894d233\"><div class=\"elementor-g-recaptcha\" data-sitekey=\"6LfdWcsqAAAAAINgMKj8iZaVSsoNWN7M4BOzBgPR\" data-type=\"v3\" data-action=\"Form\" data-badge=\"bottomleft\" data-size=\"invisible\"><\/div><\/div>\t\t\t\t<\/div>\n\t\t\t\t\t\t\t\t<div class=\"elementor-field-group elementor-column elementor-field-type-submit elementor-col-100 e-form__buttons\">\n\t\t\t\t\t<button class=\"elementor-button elementor-size-sm\" type=\"submit\">\n\t\t\t\t\t\t<span class=\"elementor-button-content-wrapper\">\n\t\t\t\t\t\t\t\t\t\t\t\t\t\t\t\t\t\t\t\t\t\t<span class=\"elementor-button-text\">Send<\/span>\n\t\t\t\t\t\t\t\t\t\t\t\t\t<\/span>\n\t\t\t\t\t<\/button>\n\t\t\t\t<\/div>\n\t\t\t<\/div>\n\t\t<input type=\"hidden\" name=\"trp-form-language\" value=\"en\"\/><\/form>\n\t\t\t\t\t\t<\/div>\n\t\t\t\t<\/div>\n\t\t\t\t<div class=\"elementor-element elementor-element-4a1aa6e elementor-widget elementor-widget-text-editor\" data-id=\"4a1aa6e\" data-element_type=\"widget\" data-widget_type=\"text-editor.default\">\n\t\t\t\t<div class=\"elementor-widget-container\">\n\t\t\t\t\t\t\t\t\t<p>Responsible: Ana Mar\u00eda Soria Roll\u00e1n Purpose: to manage the request on this form. Legitimation: consent of the interested party. Rights: You may exercise your rights of access, rectification, limitation and deletion of data at info@geafilms.com as well as the right to lodge a complaint with a supervisory authority. Additional information: here, you will find additional information about the collection and use of your personal information, including information about access, retention, rectification, deletion, security, and other topics.<\/p>\t\t\t\t\t\t\t\t<\/div>\n\t\t\t\t<\/div>\n\t\t\t\t<\/div>\n\t\t<div class=\"elementor-element elementor-element-0e376b7 e-con-full e-flex e-con e-child\" data-id=\"0e376b7\" data-element_type=\"container\">\n\t\t<div class=\"elementor-element elementor-element-c7886c2 e-con-full e-flex e-con e-child\" data-id=\"c7886c2\" data-element_type=\"container\">\n\t\t\t\t<div class=\"elementor-element elementor-element-4f6c51a elementor-view-default elementor-position-top elementor-mobile-position-top elementor-widget elementor-widget-icon-box\" data-id=\"4f6c51a\" data-element_type=\"widget\" data-widget_type=\"icon-box.default\">\n\t\t\t\t<div class=\"elementor-widget-container\">\n\t\t\t\t\t\t\t<div class=\"elementor-icon-box-wrapper\">\n\n\t\t\t\t\t\t<div class=\"elementor-icon-box-icon\">\n\t\t\t\t<a href=\"\" target=\"_blank\" rel=\"nofollow\" class=\"elementor-icon\" tabindex=\"-1\" aria-label=\"info@geafilms.com\">\n\t\t\t\t<i aria-hidden=\"true\" class=\"fas fa-mail-bulk\"><\/i>\t\t\t\t<\/a>\n\t\t\t<\/div>\n\t\t\t\n\t\t\t\t\t\t<div class=\"elementor-icon-box-content\">\n\n\t\t\t\t\t\t\t\t\t<p class=\"elementor-icon-box-title\">\n\t\t\t\t\t\t<a href=\"\" target=\"_blank\" rel=\"nofollow\" >\n\t\t\t\t\t\t\tinfo@geafilms.com\t\t\t\t\t\t<\/a>\n\t\t\t\t\t<\/p>\n\t\t\t\t\n\t\t\t\t\n\t\t\t<\/div>\n\t\t\t\n\t\t<\/div>\n\t\t\t\t\t\t<\/div>\n\t\t\t\t<\/div>\n\t\t\t\t<\/div>\n\t\t<div class=\"elementor-element elementor-element-6052fee e-con-full e-flex e-con e-child\" data-id=\"6052fee\" data-element_type=\"container\">\n\t\t\t\t<div class=\"elementor-element elementor-element-6518df4 elementor-view-default elementor-position-top elementor-mobile-position-top elementor-widget elementor-widget-icon-box\" data-id=\"6518df4\" data-element_type=\"widget\" data-widget_type=\"icon-box.default\">\n\t\t\t\t<div class=\"elementor-widget-container\">\n\t\t\t\t\t\t\t<div class=\"elementor-icon-box-wrapper\">\n\n\t\t\t\t\t\t<div class=\"elementor-icon-box-icon\">\n\t\t\t\t<a href=\"tel:+34605590859\" target=\"_blank\" rel=\"nofollow\" class=\"elementor-icon\" tabindex=\"-1\" aria-label=\"+34 605 59 08 59\">\n\t\t\t\t<i aria-hidden=\"true\" class=\"fas fa-phone-square-alt\"><\/i>\t\t\t\t<\/a>\n\t\t\t<\/div>\n\t\t\t\n\t\t\t\t\t\t<div class=\"elementor-icon-box-content\">\n\n\t\t\t\t\t\t\t\t\t<p class=\"elementor-icon-box-title\">\n\t\t\t\t\t\t<a href=\"tel:+34605590859\" target=\"_blank\" rel=\"nofollow\" >\n\t\t\t\t\t\t\t+34 605 59 08 59\t\t\t\t\t\t<\/a>\n\t\t\t\t\t<\/p>\n\t\t\t\t\n\t\t\t\t\n\t\t\t<\/div>\n\t\t\t\n\t\t<\/div>\n\t\t\t\t\t\t<\/div>\n\t\t\t\t<\/div>\n\t\t\t\t<\/div>\n\t\t<div class=\"elementor-element elementor-element-11129c1 e-con-full e-flex e-con e-child\" data-id=\"11129c1\" data-element_type=\"container\">\n\t\t\t\t<div class=\"elementor-element elementor-element-501cce7 elementor-shape-circle elementor-grid-0 e-grid-align-center elementor-widget elementor-widget-social-icons\" data-id=\"501cce7\" data-element_type=\"widget\" data-widget_type=\"social-icons.default\">\n\t\t\t\t<div class=\"elementor-widget-container\">\n\t\t\t\t\t\t\t<div class=\"elementor-social-icons-wrapper elementor-grid\" role=\"list\">\n\t\t\t\t\t\t\t<span class=\"elementor-grid-item\" role=\"listitem\">\n\t\t\t\t\t<a class=\"elementor-icon elementor-social-icon elementor-social-icon-facebook elementor-repeater-item-9fda070\" href=\"https:\/\/www.facebook.com\/geafilms.video\/\" target=\"_blank\" rel=\"nofollow\">\n\t\t\t\t\t\t<span class=\"elementor-screen-only\">Facebook<\/span>\n\t\t\t\t\t\t<i class=\"fab fa-facebook\"><\/i>\t\t\t\t\t<\/a>\n\t\t\t\t<\/span>\n\t\t\t\t\t\t\t<span class=\"elementor-grid-item\" role=\"listitem\">\n\t\t\t\t\t<a class=\"elementor-icon elementor-social-icon elementor-social-icon-youtube elementor-repeater-item-a9ad7dd\" href=\"https:\/\/www.youtube.com\/@GeaFilms\" target=\"_blank\" rel=\"nofollow\">\n\t\t\t\t\t\t<span class=\"elementor-screen-only\">Youtube<\/span>\n\t\t\t\t\t\t<i class=\"fab fa-youtube\"><\/i>\t\t\t\t\t<\/a>\n\t\t\t\t<\/span>\n\t\t\t\t\t\t\t<span class=\"elementor-grid-item\" role=\"listitem\">\n\t\t\t\t\t<a class=\"elementor-icon elementor-social-icon elementor-social-icon-linkedin elementor-repeater-item-8fd8f1b\" href=\"https:\/\/www.linkedin.com\/company\/geafilms\/\" target=\"_blank\" rel=\"nofollow\">\n\t\t\t\t\t\t<span class=\"elementor-screen-only\">Linkedin<\/span>\n\t\t\t\t\t\t<i class=\"fab fa-linkedin\"><\/i>\t\t\t\t\t<\/a>\n\t\t\t\t<\/span>\n\t\t\t\t\t\t\t<span class=\"elementor-grid-item\" role=\"listitem\">\n\t\t\t\t\t<a class=\"elementor-icon elementor-social-icon elementor-social-icon-instagram elementor-repeater-item-f3a8ec0\" href=\"https:\/\/www.instagram.com\/geafilms\/\" target=\"_blank\" rel=\"nofollow\">\n\t\t\t\t\t\t<span class=\"elementor-screen-only\">Instagram<\/span>\n\t\t\t\t\t\t<i class=\"fab fa-instagram\"><\/i>\t\t\t\t\t<\/a>\n\t\t\t\t<\/span>\n\t\t\t\t\t<\/div>\n\t\t\t\t\t\t<\/div>\n\t\t\t\t<\/div>\n\t\t\t\t<\/div>\n\t\t\t\t<\/div>\n\t\t\t\t\t<\/div>\n\t\t\t\t<\/div>\n\t\t<div class=\"elementor-element elementor-element-d25f478 e-con-full e-flex e-con e-parent\" data-id=\"d25f478\" data-element_type=\"container\">\n\t\t\t\t<div class=\"elementor-element elementor-element-7ec1696 elementor-widget elementor-widget-google_maps\" data-id=\"7ec1696\" data-element_type=\"widget\" data-widget_type=\"google_maps.default\">\n\t\t\t\t<div class=\"elementor-widget-container\">\n\t\t\t\t\t\t\t<div class=\"elementor-custom-embed\">\n\t\t\t<iframe loading=\"lazy\"\n\t\t\t\t\tsrc=\"https:\/\/maps.google.com\/maps?q=Carrer%20de%20Gabriel%20Maura%2C%2020%2C%2007005&#038;t=m&#038;z=15&#038;output=embed&#038;iwloc=near\"\n\t\t\t\t\ttitle=\"Carrer de Gabriel Maura, 20, 07005\"\n\t\t\t\t\taria-label=\"Carrer de Gabriel Maura, 20, 07005\"\n\t\t\t><\/iframe>\n\t\t<\/div>\n\t\t\t\t\t\t<\/div>\n\t\t\t\t<\/div>\n\t\t\t\t<\/div>\n\t\t\t\t<\/div>","protected":false},"excerpt":{"rendered":"<p>Contacto \u00bfTienes un proyecto en mente? Dinos cu\u00e1l y encantados preparamos una propuesta r\u00e1pida. Responsable: Ana Mar\u00eda Soria Roll\u00e1n Finalidad: gestionar la solicitud en este formulario.\u00a0Legitimaci\u00f3n: consentimiento del interesado.\u00a0Derechos: Podr\u00e1s ejercer tus derechos de acceso, rectificaci\u00f3n, limitaci\u00f3n y suprimir los datos en info@geafilms.com as\u00ed como el derecho a presentar una reclamaci\u00f3n ante una autoridad de [&hellip;]<\/p>","protected":false},"author":1,"featured_media":2050,"parent":0,"menu_order":0,"comment_status":"closed","ping_status":"closed","template":"elementor_header_footer","meta":{"_joinchat":[],"footnotes":""},"class_list":["post-16","page","type-page","status-publish","has-post-thumbnail","hentry"],"yoast_head":"<!-- This site is optimized with the Yoast SEO plugin v25.9 - https:\/\/yoast.com\/wordpress\/plugins\/seo\/ -->\n<title>GeaFilms Contacto \u00bb Empieza tu proyecto visual hoy<\/title>\n<meta name=\"description\" content=\"En GeaFilms, esperamos crear juntos la soluci\u00f3n visual perfecta para tu espacio. \u00a1Contacta y comienza a destacar!\" \/>\n<meta name=\"robots\" content=\"noindex, nofollow\" \/>\n<meta property=\"og:locale\" content=\"en_GB\" \/>\n<meta property=\"og:type\" content=\"article\" \/>\n<meta property=\"og:title\" content=\"GeaFilms Contacto \u00bb Empieza tu proyecto visual hoy\" \/>\n<meta property=\"og:description\" content=\"En GeaFilms, esperamos crear juntos la soluci\u00f3n visual perfecta para tu espacio. \u00a1Contacta y comienza a destacar!\" \/>\n<meta property=\"og:url\" content=\"https:\/\/geafilms.com\/en\/contacto\/\" \/>\n<meta property=\"og:site_name\" content=\"GeaFilms: Producciones Audiovisuales\" \/>\n<meta property=\"article:modified_time\" content=\"2025-06-12T23:31:45+00:00\" \/>\n<meta property=\"og:image\" content=\"https:\/\/geafilms.com\/wp-content\/uploads\/2025\/01\/Finca-Son-Doblons-III.webp\" \/>\n\t<meta property=\"og:image:width\" content=\"1200\" \/>\n\t<meta property=\"og:image:height\" content=\"1600\" \/>\n\t<meta property=\"og:image:type\" content=\"image\/webp\" \/>\n<meta name=\"twitter:card\" content=\"summary_large_image\" \/>\n<meta name=\"twitter:label1\" content=\"Estimated reading time\" \/>\n\t<meta name=\"twitter:data1\" content=\"1 minute\" \/>\n<script type=\"application\/ld+json\" class=\"yoast-schema-graph\">{\"@context\":\"https:\/\/schema.org\",\"@graph\":[{\"@type\":\"WebPage\",\"@id\":\"https:\/\/geafilms.com\/contacto\/\",\"url\":\"https:\/\/geafilms.com\/contacto\/\",\"name\":\"GeaFilms Contacto \u00bb Empieza tu proyecto visual hoy\",\"isPartOf\":{\"@id\":\"https:\/\/geafilms.com\/#website\"},\"primaryImageOfPage\":{\"@id\":\"https:\/\/geafilms.com\/contacto\/#primaryimage\"},\"image\":{\"@id\":\"https:\/\/geafilms.com\/contacto\/#primaryimage\"},\"thumbnailUrl\":\"https:\/\/geafilms.com\/wp-content\/uploads\/2025\/01\/Finca-Son-Doblons-III.webp\",\"datePublished\":\"2021-11-21T15:14:44+00:00\",\"dateModified\":\"2025-06-12T23:31:45+00:00\",\"description\":\"En GeaFilms, esperamos crear juntos la soluci\u00f3n visual perfecta para tu espacio. \u00a1Contacta y comienza a destacar!\",\"breadcrumb\":{\"@id\":\"https:\/\/geafilms.com\/contacto\/#breadcrumb\"},\"inLanguage\":\"en-GB\",\"potentialAction\":[{\"@type\":\"ReadAction\",\"target\":[\"https:\/\/geafilms.com\/contacto\/\"]}]},{\"@type\":\"ImageObject\",\"inLanguage\":\"en-GB\",\"@id\":\"https:\/\/geafilms.com\/contacto\/#primaryimage\",\"url\":\"https:\/\/geafilms.com\/wp-content\/uploads\/2025\/01\/Finca-Son-Doblons-III.webp\",\"contentUrl\":\"https:\/\/geafilms.com\/wp-content\/uploads\/2025\/01\/Finca-Son-Doblons-III.webp\",\"width\":1200,\"height\":1600,\"caption\":\"manejando dron en casa rural\"},{\"@type\":\"BreadcrumbList\",\"@id\":\"https:\/\/geafilms.com\/contacto\/#breadcrumb\",\"itemListElement\":[{\"@type\":\"ListItem\",\"position\":1,\"name\":\"Portada\",\"item\":\"https:\/\/geafilms.com\/\"},{\"@type\":\"ListItem\",\"position\":2,\"name\":\"Contacto\"}]},{\"@type\":\"WebSite\",\"@id\":\"https:\/\/geafilms.com\/#website\",\"url\":\"https:\/\/geafilms.com\/\",\"name\":\"Geafilms | Productora Audiovisual en Mallorca\",\"description\":\"Creamos videos para Alojamientos Rurales que buscan mejor visibilidad y profesionalidad en web y redes. Te ayudamos con marketing digital para conectar con m\u00e1s clientes, optimizar su experiencia y fortalecer relaciones basadas en confianza.\",\"publisher\":{\"@id\":\"https:\/\/geafilms.com\/#organization\"},\"alternateName\":\"Geafilms\",\"potentialAction\":[{\"@type\":\"SearchAction\",\"target\":{\"@type\":\"EntryPoint\",\"urlTemplate\":\"https:\/\/geafilms.com\/?s={search_term_string}\"},\"query-input\":{\"@type\":\"PropertyValueSpecification\",\"valueRequired\":true,\"valueName\":\"search_term_string\"}}],\"inLanguage\":\"en-GB\"},{\"@type\":\"Organization\",\"@id\":\"https:\/\/geafilms.com\/#organization\",\"name\":\"Geafilms | Productora Audiovisual en Mallorca\",\"url\":\"https:\/\/geafilms.com\/\",\"logo\":{\"@type\":\"ImageObject\",\"inLanguage\":\"en-GB\",\"@id\":\"https:\/\/geafilms.com\/#\/schema\/logo\/image\/\",\"url\":\"https:\/\/geafilms.com\/wp-content\/uploads\/2021\/11\/logo-apaisado-fondo-oscuro.webp\",\"contentUrl\":\"https:\/\/geafilms.com\/wp-content\/uploads\/2021\/11\/logo-apaisado-fondo-oscuro.webp\",\"width\":1563,\"height\":313,\"caption\":\"Geafilms | Productora Audiovisual en Mallorca\"},\"image\":{\"@id\":\"https:\/\/geafilms.com\/#\/schema\/logo\/image\/\"}}]}<\/script>\n<!-- \/ Yoast SEO plugin. -->","yoast_head_json":{"title":"GeaFilms Contacto \u00bb Empieza tu proyecto visual hoy","description":"En GeaFilms, esperamos crear juntos la soluci\u00f3n visual perfecta para tu espacio. \u00a1Contacta y comienza a destacar!","robots":{"index":"noindex","follow":"nofollow"},"og_locale":"en_GB","og_type":"article","og_title":"GeaFilms Contacto \u00bb Empieza tu proyecto visual hoy","og_description":"En GeaFilms, esperamos crear juntos la soluci\u00f3n visual perfecta para tu espacio. \u00a1Contacta y comienza a destacar!","og_url":"https:\/\/geafilms.com\/en\/contacto\/","og_site_name":"GeaFilms: Producciones Audiovisuales","article_modified_time":"2025-06-12T23:31:45+00:00","og_image":[{"width":1200,"height":1600,"url":"https:\/\/geafilms.com\/wp-content\/uploads\/2025\/01\/Finca-Son-Doblons-III.webp","type":"image\/webp"}],"twitter_card":"summary_large_image","twitter_misc":{"Estimated reading time":"1 minute"},"schema":{"@context":"https:\/\/schema.org","@graph":[{"@type":"WebPage","@id":"https:\/\/geafilms.com\/contacto\/","url":"https:\/\/geafilms.com\/contacto\/","name":"GeaFilms Contacto \u00bb Empieza tu proyecto visual hoy","isPartOf":{"@id":"https:\/\/geafilms.com\/#website"},"primaryImageOfPage":{"@id":"https:\/\/geafilms.com\/contacto\/#primaryimage"},"image":{"@id":"https:\/\/geafilms.com\/contacto\/#primaryimage"},"thumbnailUrl":"https:\/\/geafilms.com\/wp-content\/uploads\/2025\/01\/Finca-Son-Doblons-III.webp","datePublished":"2021-11-21T15:14:44+00:00","dateModified":"2025-06-12T23:31:45+00:00","description":"En GeaFilms, esperamos crear juntos la soluci\u00f3n visual perfecta para tu espacio. \u00a1Contacta y comienza a destacar!","breadcrumb":{"@id":"https:\/\/geafilms.com\/contacto\/#breadcrumb"},"inLanguage":"en-GB","potentialAction":[{"@type":"ReadAction","target":["https:\/\/geafilms.com\/contacto\/"]}]},{"@type":"ImageObject","inLanguage":"en-GB","@id":"https:\/\/geafilms.com\/contacto\/#primaryimage","url":"https:\/\/geafilms.com\/wp-content\/uploads\/2025\/01\/Finca-Son-Doblons-III.webp","contentUrl":"https:\/\/geafilms.com\/wp-content\/uploads\/2025\/01\/Finca-Son-Doblons-III.webp","width":1200,"height":1600,"caption":"manejando dron en casa rural"},{"@type":"BreadcrumbList","@id":"https:\/\/geafilms.com\/contacto\/#breadcrumb","itemListElement":[{"@type":"ListItem","position":1,"name":"Portada","item":"https:\/\/geafilms.com\/"},{"@type":"ListItem","position":2,"name":"Contacto"}]},{"@type":"WebSite","@id":"https:\/\/geafilms.com\/#website","url":"https:\/\/geafilms.com\/","name":"Geafilms | Productora Audiovisual en Mallorca","description":"Creamos videos para Alojamientos Rurales que buscan mejor visibilidad y profesionalidad en web y redes. Te ayudamos con marketing digital para conectar con m\u00e1s clientes, optimizar su experiencia y fortalecer relaciones basadas en confianza.","publisher":{"@id":"https:\/\/geafilms.com\/#organization"},"alternateName":"Geafilms","potentialAction":[{"@type":"SearchAction","target":{"@type":"EntryPoint","urlTemplate":"https:\/\/geafilms.com\/?s={search_term_string}"},"query-input":{"@type":"PropertyValueSpecification","valueRequired":true,"valueName":"search_term_string"}}],"inLanguage":"en-GB"},{"@type":"Organization","@id":"https:\/\/geafilms.com\/#organization","name":"Geafilms | Productora Audiovisual en Mallorca","url":"https:\/\/geafilms.com\/","logo":{"@type":"ImageObject","inLanguage":"en-GB","@id":"https:\/\/geafilms.com\/#\/schema\/logo\/image\/","url":"https:\/\/geafilms.com\/wp-content\/uploads\/2021\/11\/logo-apaisado-fondo-oscuro.webp","contentUrl":"https:\/\/geafilms.com\/wp-content\/uploads\/2021\/11\/logo-apaisado-fondo-oscuro.webp","width":1563,"height":313,"caption":"Geafilms | Productora Audiovisual en Mallorca"},"image":{"@id":"https:\/\/geafilms.com\/#\/schema\/logo\/image\/"}}]}},"_links":{"self":[{"href":"https:\/\/geafilms.com\/en\/wp-json\/wp\/v2\/pages\/16","targetHints":{"allow":["GET"]}}],"collection":[{"href":"https:\/\/geafilms.com\/en\/wp-json\/wp\/v2\/pages"}],"about":[{"href":"https:\/\/geafilms.com\/en\/wp-json\/wp\/v2\/types\/page"}],"author":[{"embeddable":true,"href":"https:\/\/geafilms.com\/en\/wp-json\/wp\/v2\/users\/1"}],"replies":[{"embeddable":true,"href":"https:\/\/geafilms.com\/en\/wp-json\/wp\/v2\/comments?post=16"}],"version-history":[{"count":155,"href":"https:\/\/geafilms.com\/en\/wp-json\/wp\/v2\/pages\/16\/revisions"}],"predecessor-version":[{"id":2359,"href":"https:\/\/geafilms.com\/en\/wp-json\/wp\/v2\/pages\/16\/revisions\/2359"}],"wp:featuredmedia":[{"embeddable":true,"href":"https:\/\/geafilms.com\/en\/wp-json\/wp\/v2\/media\/2050"}],"wp:attachment":[{"href":"https:\/\/geafilms.com\/en\/wp-json\/wp\/v2\/media?parent=16"}],"curies":[{"name":"wp","href":"https:\/\/api.w.org\/{rel}","templated":true}]}}