{"id":2261,"date":"2025-02-03T18:32:06","date_gmt":"2025-02-03T17:32:06","guid":{"rendered":"https:\/\/geafilms.com\/?page_id=2261"},"modified":"2025-09-22T09:45:00","modified_gmt":"2025-09-22T07:45:00","slug":"blog","status":"publish","type":"page","link":"https:\/\/geafilms.com\/en\/blog\/","title":{"rendered":"Blog"},"content":{"rendered":"<div data-elementor-type=\"wp-page\" data-elementor-id=\"2261\" class=\"elementor elementor-2261\" data-elementor-post-type=\"page\">\n\t\t\t\t<div class=\"elementor-element elementor-element-05bd2a3 e-flex e-con-boxed e-con e-parent\" data-id=\"05bd2a3\" data-element_type=\"container\" data-settings=\"{&quot;background_background&quot;:&quot;classic&quot;}\">\n\t\t\t\t\t<div class=\"e-con-inner\">\n\t\t\t\t<div class=\"elementor-element elementor-element-27d55ae elementor-widget elementor-widget-heading\" data-id=\"27d55ae\" data-element_type=\"widget\" data-widget_type=\"heading.default\">\n\t\t\t\t<div class=\"elementor-widget-container\">\n\t\t\t\t\t<h1 class=\"elementor-heading-title elementor-size-default\">BLOG<\/h1>\t\t\t\t<\/div>\n\t\t\t\t<\/div>\n\t\t\t\t\t<\/div>\n\t\t\t\t<\/div>\n\t\t<div class=\"elementor-element elementor-element-6a1affc e-flex e-con-boxed e-con e-parent\" data-id=\"6a1affc\" data-element_type=\"container\">\n\t\t\t\t\t<div class=\"e-con-inner\">\n\t\t\t\t<div class=\"elementor-element elementor-element-9d8e57f elementor-grid-3 elementor-grid-tablet-2 elementor-grid-mobile-1 elementor-posts--thumbnail-top elementor-widget elementor-widget-posts\" data-id=\"9d8e57f\" data-element_type=\"widget\" data-settings=\"{&quot;classic_columns&quot;:&quot;3&quot;,&quot;classic_columns_tablet&quot;:&quot;2&quot;,&quot;classic_columns_mobile&quot;:&quot;1&quot;,&quot;classic_row_gap&quot;:{&quot;unit&quot;:&quot;px&quot;,&quot;size&quot;:35,&quot;sizes&quot;:[]},&quot;classic_row_gap_tablet&quot;:{&quot;unit&quot;:&quot;px&quot;,&quot;size&quot;:&quot;&quot;,&quot;sizes&quot;:[]},&quot;classic_row_gap_mobile&quot;:{&quot;unit&quot;:&quot;px&quot;,&quot;size&quot;:&quot;&quot;,&quot;sizes&quot;:[]}}\" data-widget_type=\"posts.classic\">\n\t\t\t\t<div class=\"elementor-widget-container\">\n\t\t\t\t\t\t\t<div class=\"elementor-posts-container elementor-posts elementor-posts--skin-classic elementor-grid\">\n\t\t\t\t<article class=\"elementor-post elementor-grid-item post-2416 post type-post status-publish format-standard has-post-thumbnail hentry category-filmacion-drones\">\n\t\t\t\t<a class=\"elementor-post__thumbnail__link\" href=\"https:\/\/geafilms.com\/en\/drones-legales-seguros\/\" tabindex=\"-1\" >\n\t\t\t<div class=\"elementor-post__thumbnail\"><img decoding=\"async\" width=\"300\" height=\"121\" src=\"https:\/\/geafilms.com\/wp-content\/uploads\/2024\/11\/dron-en-las-manos-300x121.png\" class=\"attachment-medium size-medium wp-image-2008\" alt=\"\" srcset=\"https:\/\/geafilms.com\/wp-content\/uploads\/2024\/11\/dron-en-las-manos-300x121.png 300w, https:\/\/geafilms.com\/wp-content\/uploads\/2024\/11\/dron-en-las-manos.png 494w\" sizes=\"(max-width: 300px) 100vw, 300px\" \/><\/div>\n\t\t<\/a>\n\t\t\t\t<div class=\"elementor-post__text\">\n\t\t\t\t<h3 class=\"elementor-post__title\">\n\t\t\t<a href=\"https:\/\/geafilms.com\/en\/drones-legales-seguros\/\" >\n\t\t\t\t\u00bfSab\u00edas que volar un dron sin permiso puede costarte miles de euros? As\u00ed lo evitamos en Gea Films\t\t\t<\/a>\n\t\t<\/h3>\n\t\t\t\t<div class=\"elementor-post__excerpt\">\n\t\t\t<p>Los v\u00eddeos con dron son espectaculares\u2026 hasta que aparece un problema legal.Lo que parece una simple grabaci\u00f3n desde el aire puede convertirse en una multa de hasta 225.000 \u20ac, la<\/p>\n\t\t<\/div>\n\t\t\n\t\t<a class=\"elementor-post__read-more\" href=\"https:\/\/geafilms.com\/en\/drones-legales-seguros\/\" aria-label=\"Read more about \u00bfSab\u00edas que volar un dron sin permiso puede costarte miles de euros? As\u00ed lo evitamos en Gea Films\" tabindex=\"-1\" >\n\t\t\tRead more \u00bb\t\t<\/a>\n\n\t\t\t\t<\/div>\n\t\t\t\t<\/article>\n\t\t\t\t<article class=\"elementor-post elementor-grid-item post-2414 post type-post status-publish format-standard has-post-thumbnail hentry category-filmacion-drones\">\n\t\t\t\t<a class=\"elementor-post__thumbnail__link\" href=\"https:\/\/geafilms.com\/en\/marketing-drones-transformacion\/\" tabindex=\"-1\" >\n\t\t\t<div class=\"elementor-post__thumbnail\"><img fetchpriority=\"high\" decoding=\"async\" width=\"300\" height=\"225\" src=\"https:\/\/geafilms.com\/wp-content\/uploads\/2025\/01\/Drone-en-Son-Marroig-II-300x225.webp\" class=\"attachment-medium size-medium wp-image-2067\" alt=\"\" srcset=\"https:\/\/geafilms.com\/wp-content\/uploads\/2025\/01\/Drone-en-Son-Marroig-II-300x225.webp 300w, https:\/\/geafilms.com\/wp-content\/uploads\/2025\/01\/Drone-en-Son-Marroig-II-1024x768.webp 1024w, https:\/\/geafilms.com\/wp-content\/uploads\/2025\/01\/Drone-en-Son-Marroig-II-768x576.webp 768w, https:\/\/geafilms.com\/wp-content\/uploads\/2025\/01\/Drone-en-Son-Marroig-II-1536x1152.webp 1536w, https:\/\/geafilms.com\/wp-content\/uploads\/2025\/01\/Drone-en-Son-Marroig-II.webp 1867w\" sizes=\"(max-width: 300px) 100vw, 300px\" \/><\/div>\n\t\t<\/a>\n\t\t\t\t<div class=\"elementor-post__text\">\n\t\t\t\t<h3 class=\"elementor-post__title\">\n\t\t\t<a href=\"https:\/\/geafilms.com\/en\/marketing-drones-transformacion\/\" >\n\t\t\t\tMarketing desde el aire: c\u00f3mo los drones est\u00e1n transformando la forma de vender\t\t\t<\/a>\n\t\t<\/h3>\n\t\t\t\t<div class=\"elementor-post__excerpt\">\n\t\t\t<p>La atenci\u00f3n online dura apenas unos segundos.Si no sorprendes r\u00e1pido, pasas desapercibido. Los v\u00eddeos a\u00e9reos con drones est\u00e1n cambiando la forma en la que las marcas se presentan, conectan y<\/p>\n\t\t<\/div>\n\t\t\n\t\t<a class=\"elementor-post__read-more\" href=\"https:\/\/geafilms.com\/en\/marketing-drones-transformacion\/\" aria-label=\"Read more about Marketing desde el aire: c\u00f3mo los drones est\u00e1n transformando la forma de vender\" tabindex=\"-1\" >\n\t\t\tRead more \u00bb\t\t<\/a>\n\n\t\t\t\t<\/div>\n\t\t\t\t<\/article>\n\t\t\t\t<article class=\"elementor-post elementor-grid-item post-2412 post type-post status-publish format-standard has-post-thumbnail hentry category-filmacion-drones\">\n\t\t\t\t<a class=\"elementor-post__thumbnail__link\" href=\"https:\/\/geafilms.com\/en\/videos-dron-marca-redes\/\" tabindex=\"-1\" >\n\t\t\t<div class=\"elementor-post__thumbnail\"><img decoding=\"async\" width=\"247\" height=\"300\" src=\"https:\/\/geafilms.com\/wp-content\/uploads\/2025\/01\/Santa-Eularia-II-1-247x300.webp\" class=\"attachment-medium size-medium wp-image-2046\" alt=\"\" srcset=\"https:\/\/geafilms.com\/wp-content\/uploads\/2025\/01\/Santa-Eularia-II-1-247x300.webp 247w, https:\/\/geafilms.com\/wp-content\/uploads\/2025\/01\/Santa-Eularia-II-1-844x1024.webp 844w, https:\/\/geafilms.com\/wp-content\/uploads\/2025\/01\/Santa-Eularia-II-1-768x932.webp 768w, https:\/\/geafilms.com\/wp-content\/uploads\/2025\/01\/Santa-Eularia-II-1.webp 909w\" sizes=\"(max-width: 247px) 100vw, 247px\" \/><\/div>\n\t\t<\/a>\n\t\t\t\t<div class=\"elementor-post__text\">\n\t\t\t\t<h3 class=\"elementor-post__title\">\n\t\t\t<a href=\"https:\/\/geafilms.com\/en\/videos-dron-marca-redes\/\" >\n\t\t\t\tC\u00f3mo usar v\u00eddeos con drones para destacar tu marca en redes sociales y web\t\t\t<\/a>\n\t\t<\/h3>\n\t\t\t\t<div class=\"elementor-post__excerpt\">\n\t\t\t<p>Si tu marca tiene algo que mostrar \u2014un espacio, una historia, una experiencia\u2014 los planos con dron pueden ser tu mejor aliado. No se trata solo de volar una c\u00e1mara:<\/p>\n\t\t<\/div>\n\t\t\n\t\t<a class=\"elementor-post__read-more\" href=\"https:\/\/geafilms.com\/en\/videos-dron-marca-redes\/\" aria-label=\"Read more about C\u00f3mo usar v\u00eddeos con drones para destacar tu marca en redes sociales y web\" tabindex=\"-1\" >\n\t\t\tRead more \u00bb\t\t<\/a>\n\n\t\t\t\t<\/div>\n\t\t\t\t<\/article>\n\t\t\t\t<article class=\"elementor-post elementor-grid-item post-2410 post type-post status-publish format-standard has-post-thumbnail hentry category-contenido-rrss\">\n\t\t\t\t<a class=\"elementor-post__thumbnail__link\" href=\"https:\/\/geafilms.com\/en\/tipos-videos-redes-sociales\/\" tabindex=\"-1\" >\n\t\t\t<div class=\"elementor-post__thumbnail\"><img loading=\"lazy\" decoding=\"async\" width=\"300\" height=\"225\" src=\"https:\/\/geafilms.com\/wp-content\/uploads\/2025\/01\/Santa-Eularia-III-300x225.webp\" class=\"attachment-medium size-medium wp-image-2066\" alt=\"\" srcset=\"https:\/\/geafilms.com\/wp-content\/uploads\/2025\/01\/Santa-Eularia-III-300x225.webp 300w, https:\/\/geafilms.com\/wp-content\/uploads\/2025\/01\/Santa-Eularia-III-1024x768.webp 1024w, https:\/\/geafilms.com\/wp-content\/uploads\/2025\/01\/Santa-Eularia-III-768x576.webp 768w, https:\/\/geafilms.com\/wp-content\/uploads\/2025\/01\/Santa-Eularia-III.webp 1400w\" sizes=\"(max-width: 300px) 100vw, 300px\" \/><\/div>\n\t\t<\/a>\n\t\t\t\t<div class=\"elementor-post__text\">\n\t\t\t\t<h3 class=\"elementor-post__title\">\n\t\t\t<a href=\"https:\/\/geafilms.com\/en\/tipos-videos-redes-sociales\/\" >\n\t\t\t\t5 tipos de v\u00eddeos que mejor funcionan en redes sociales para alojamientos, marcas y eventos\t\t\t<\/a>\n\t\t<\/h3>\n\t\t\t\t<div class=\"elementor-post__excerpt\">\n\t\t\t<p>No necesitas viralizar un v\u00eddeo para tener resultados.Lo importante es que conecte con tu cliente ideal. Y eso se consigue con contenido natural, aut\u00e9ntico, de calidad\u2026 y que diga algo.Aqu\u00ed<\/p>\n\t\t<\/div>\n\t\t\n\t\t<a class=\"elementor-post__read-more\" href=\"https:\/\/geafilms.com\/en\/tipos-videos-redes-sociales\/\" aria-label=\"Read more about 5 tipos de v\u00eddeos que mejor funcionan en redes sociales para alojamientos, marcas y eventos\" tabindex=\"-1\" >\n\t\t\tRead more \u00bb\t\t<\/a>\n\n\t\t\t\t<\/div>\n\t\t\t\t<\/article>\n\t\t\t\t<article class=\"elementor-post elementor-grid-item post-2408 post type-post status-publish format-standard has-post-thumbnail hentry category-contenido-rrss\">\n\t\t\t\t<a class=\"elementor-post__thumbnail__link\" href=\"https:\/\/geafilms.com\/en\/mes-contenido-redes-en-un-dia\/\" tabindex=\"-1\" >\n\t\t\t<div class=\"elementor-post__thumbnail\"><img loading=\"lazy\" decoding=\"async\" width=\"300\" height=\"200\" src=\"https:\/\/geafilms.com\/wp-content\/uploads\/2025\/01\/Vinedos-300x200.webp\" class=\"attachment-medium size-medium wp-image-2051\" alt=\"\" srcset=\"https:\/\/geafilms.com\/wp-content\/uploads\/2025\/01\/Vinedos-300x200.webp 300w, https:\/\/geafilms.com\/wp-content\/uploads\/2025\/01\/Vinedos-1024x682.webp 1024w, https:\/\/geafilms.com\/wp-content\/uploads\/2025\/01\/Vinedos-768x512.webp 768w, https:\/\/geafilms.com\/wp-content\/uploads\/2025\/01\/Vinedos.webp 1400w\" sizes=\"(max-width: 300px) 100vw, 300px\" \/><\/div>\n\t\t<\/a>\n\t\t\t\t<div class=\"elementor-post__text\">\n\t\t\t\t<h3 class=\"elementor-post__title\">\n\t\t\t<a href=\"https:\/\/geafilms.com\/en\/mes-contenido-redes-en-un-dia\/\" >\n\t\t\t\tC\u00f3mo tener contenido para todo un mes en redes sociales con solo 1 d\u00eda de grabaci\u00f3n\t\t\t<\/a>\n\t\t<\/h3>\n\t\t\t\t<div class=\"elementor-post__excerpt\">\n\t\t\t<p>\u00bfTe pasa que cada semana tienes que pensar qu\u00e9 publicar en Instagram y acabas subiendo una foto borrosa del m\u00f3vil? No est\u00e1s solo.A muchos negocios les ocurre: tienen cosas incre\u00edbles<\/p>\n\t\t<\/div>\n\t\t\n\t\t<a class=\"elementor-post__read-more\" href=\"https:\/\/geafilms.com\/en\/mes-contenido-redes-en-un-dia\/\" aria-label=\"Read more about C\u00f3mo tener contenido para todo un mes en redes sociales con solo 1 d\u00eda de grabaci\u00f3n\" tabindex=\"-1\" >\n\t\t\tRead more \u00bb\t\t<\/a>\n\n\t\t\t\t<\/div>\n\t\t\t\t<\/article>\n\t\t\t\t<article class=\"elementor-post elementor-grid-item post-2406 post type-post status-publish format-standard has-post-thumbnail hentry category-bodas-eventos\">\n\t\t\t\t<a class=\"elementor-post__thumbnail__link\" href=\"https:\/\/geafilms.com\/en\/los-5-errores-mas-comunes-al-grabar-un-evento-y-como-evitarlos-con-un-videografo-profesional\/\" tabindex=\"-1\" >\n\t\t\t<div class=\"elementor-post__thumbnail\"><img loading=\"lazy\" decoding=\"async\" width=\"300\" height=\"225\" src=\"https:\/\/geafilms.com\/wp-content\/uploads\/2025\/01\/Drone-en-Son-Marroig-300x225.webp\" class=\"attachment-medium size-medium wp-image-2053\" alt=\"dron sobrevolando son marroig\" srcset=\"https:\/\/geafilms.com\/wp-content\/uploads\/2025\/01\/Drone-en-Son-Marroig-300x225.webp 300w, https:\/\/geafilms.com\/wp-content\/uploads\/2025\/01\/Drone-en-Son-Marroig-1024x768.webp 1024w, https:\/\/geafilms.com\/wp-content\/uploads\/2025\/01\/Drone-en-Son-Marroig-768x576.webp 768w, https:\/\/geafilms.com\/wp-content\/uploads\/2025\/01\/Drone-en-Son-Marroig.webp 1400w\" sizes=\"(max-width: 300px) 100vw, 300px\" \/><\/div>\n\t\t<\/a>\n\t\t\t\t<div class=\"elementor-post__text\">\n\t\t\t\t<h3 class=\"elementor-post__title\">\n\t\t\t<a href=\"https:\/\/geafilms.com\/en\/los-5-errores-mas-comunes-al-grabar-un-evento-y-como-evitarlos-con-un-videografo-profesional\/\" >\n\t\t\t\tLos 5 errores m\u00e1s comunes al grabar un evento (y c\u00f3mo evitarlos con un vide\u00f3grafo profesional)\t\t\t<\/a>\n\t\t<\/h3>\n\t\t\t\t<div class=\"elementor-post__excerpt\">\n\t\t\t<p>Si est\u00e1s organizando un evento importante \u2014una boda, una fiesta, un aniversario o un acto de empresa\u2014 es normal querer tener recuerdos incre\u00edbles.El problema es que no todo el que<\/p>\n\t\t<\/div>\n\t\t\n\t\t<a class=\"elementor-post__read-more\" href=\"https:\/\/geafilms.com\/en\/los-5-errores-mas-comunes-al-grabar-un-evento-y-como-evitarlos-con-un-videografo-profesional\/\" aria-label=\"Read more about Los 5 errores m\u00e1s comunes al grabar un evento (y c\u00f3mo evitarlos con un vide\u00f3grafo profesional)\" tabindex=\"-1\" >\n\t\t\tRead more \u00bb\t\t<\/a>\n\n\t\t\t\t<\/div>\n\t\t\t\t<\/article>\n\t\t\t\t<\/div>\n\t\t\n\t\t\t\t\t\t<\/div>\n\t\t\t\t<\/div>\n\t\t\t\t\t<\/div>\n\t\t\t\t<\/div>\n\t\t\t\t<\/div>","protected":false},"excerpt":{"rendered":"<p>BLOG<\/p>","protected":false},"author":1,"featured_media":2054,"parent":0,"menu_order":0,"comment_status":"closed","ping_status":"closed","template":"","meta":{"_joinchat":[],"footnotes":""},"class_list":["post-2261","page","type-page","status-publish","has-post-thumbnail","hentry"],"yoast_head":"<!-- This site is optimized with the Yoast SEO plugin v25.9 - https:\/\/yoast.com\/wordpress\/plugins\/seo\/ -->\n<title>GeaFilms Blog \u25b7 Historias Visuales y Turismo Rural<\/title>\n<meta name=\"description\" content=\"Descubre en nuestro blog c\u00f3mo GeaFilms utiliza el video para transformar y promocionar alojamientos rurales.\" \/>\n<meta name=\"robots\" content=\"index, follow, max-snippet:-1, max-image-preview:large, max-video-preview:-1\" \/>\n<link rel=\"canonical\" href=\"https:\/\/geafilms.com\/en\/blog\/\" \/>\n<meta property=\"og:locale\" content=\"en_GB\" \/>\n<meta property=\"og:type\" content=\"article\" \/>\n<meta property=\"og:title\" content=\"GeaFilms Blog \u25b7 Historias Visuales y Turismo Rural\" \/>\n<meta property=\"og:description\" content=\"Descubre en nuestro blog c\u00f3mo GeaFilms utiliza el video para transformar y promocionar alojamientos rurales.\" \/>\n<meta property=\"og:url\" content=\"https:\/\/geafilms.com\/en\/blog\/\" \/>\n<meta property=\"og:site_name\" content=\"GeaFilms: Producciones Audiovisuales\" \/>\n<meta property=\"article:modified_time\" content=\"2025-09-22T07:45:00+00:00\" \/>\n<meta property=\"og:image\" content=\"https:\/\/geafilms.com\/wp-content\/uploads\/2025\/01\/Es-Camp-de-Mar.webp\" \/>\n\t<meta property=\"og:image:width\" content=\"1400\" \/>\n\t<meta property=\"og:image:height\" content=\"787\" \/>\n\t<meta property=\"og:image:type\" content=\"image\/webp\" \/>\n<meta name=\"twitter:card\" content=\"summary_large_image\" \/>\n<meta name=\"twitter:label1\" content=\"Estimated reading time\" \/>\n\t<meta name=\"twitter:data1\" content=\"5 minutes\" \/>\n<script type=\"application\/ld+json\" class=\"yoast-schema-graph\">{\"@context\":\"https:\/\/schema.org\",\"@graph\":[{\"@type\":\"WebPage\",\"@id\":\"https:\/\/geafilms.com\/blog\/\",\"url\":\"https:\/\/geafilms.com\/blog\/\",\"name\":\"GeaFilms Blog \u25b7 Historias Visuales y Turismo Rural\",\"isPartOf\":{\"@id\":\"https:\/\/geafilms.com\/#website\"},\"primaryImageOfPage\":{\"@id\":\"https:\/\/geafilms.com\/blog\/#primaryimage\"},\"image\":{\"@id\":\"https:\/\/geafilms.com\/blog\/#primaryimage\"},\"thumbnailUrl\":\"https:\/\/geafilms.com\/wp-content\/uploads\/2025\/01\/Es-Camp-de-Mar.webp\",\"datePublished\":\"2025-02-03T17:32:06+00:00\",\"dateModified\":\"2025-09-22T07:45:00+00:00\",\"description\":\"Descubre en nuestro blog c\u00f3mo GeaFilms utiliza el video para transformar y promocionar alojamientos rurales.\",\"breadcrumb\":{\"@id\":\"https:\/\/geafilms.com\/blog\/#breadcrumb\"},\"inLanguage\":\"en-GB\",\"potentialAction\":[{\"@type\":\"ReadAction\",\"target\":[\"https:\/\/geafilms.com\/blog\/\"]}]},{\"@type\":\"ImageObject\",\"inLanguage\":\"en-GB\",\"@id\":\"https:\/\/geafilms.com\/blog\/#primaryimage\",\"url\":\"https:\/\/geafilms.com\/wp-content\/uploads\/2025\/01\/Es-Camp-de-Mar.webp\",\"contentUrl\":\"https:\/\/geafilms.com\/wp-content\/uploads\/2025\/01\/Es-Camp-de-Mar.webp\",\"width\":1400,\"height\":787,\"caption\":\"Cala y casa vista desde arriba\"},{\"@type\":\"BreadcrumbList\",\"@id\":\"https:\/\/geafilms.com\/blog\/#breadcrumb\",\"itemListElement\":[{\"@type\":\"ListItem\",\"position\":1,\"name\":\"Portada\",\"item\":\"https:\/\/geafilms.com\/\"},{\"@type\":\"ListItem\",\"position\":2,\"name\":\"Blog\"}]},{\"@type\":\"WebSite\",\"@id\":\"https:\/\/geafilms.com\/#website\",\"url\":\"https:\/\/geafilms.com\/\",\"name\":\"Geafilms | Productora Audiovisual en Mallorca\",\"description\":\"Creamos videos para Alojamientos Rurales que buscan mejor visibilidad y profesionalidad en web y redes. Te ayudamos con marketing digital para conectar con m\u00e1s clientes, optimizar su experiencia y fortalecer relaciones basadas en confianza.\",\"publisher\":{\"@id\":\"https:\/\/geafilms.com\/#organization\"},\"alternateName\":\"Geafilms\",\"potentialAction\":[{\"@type\":\"SearchAction\",\"target\":{\"@type\":\"EntryPoint\",\"urlTemplate\":\"https:\/\/geafilms.com\/?s={search_term_string}\"},\"query-input\":{\"@type\":\"PropertyValueSpecification\",\"valueRequired\":true,\"valueName\":\"search_term_string\"}}],\"inLanguage\":\"en-GB\"},{\"@type\":\"Organization\",\"@id\":\"https:\/\/geafilms.com\/#organization\",\"name\":\"Geafilms | Productora Audiovisual en Mallorca\",\"url\":\"https:\/\/geafilms.com\/\",\"logo\":{\"@type\":\"ImageObject\",\"inLanguage\":\"en-GB\",\"@id\":\"https:\/\/geafilms.com\/#\/schema\/logo\/image\/\",\"url\":\"https:\/\/geafilms.com\/wp-content\/uploads\/2021\/11\/logo-apaisado-fondo-oscuro.webp\",\"contentUrl\":\"https:\/\/geafilms.com\/wp-content\/uploads\/2021\/11\/logo-apaisado-fondo-oscuro.webp\",\"width\":1563,\"height\":313,\"caption\":\"Geafilms | Productora Audiovisual en Mallorca\"},\"image\":{\"@id\":\"https:\/\/geafilms.com\/#\/schema\/logo\/image\/\"}}]}<\/script>\n<!-- \/ Yoast SEO plugin. -->","yoast_head_json":{"title":"GeaFilms Blog \u25b7 Historias Visuales y Turismo Rural","description":"Descubre en nuestro blog c\u00f3mo GeaFilms utiliza el video para transformar y promocionar alojamientos rurales.","robots":{"index":"index","follow":"follow","max-snippet":"max-snippet:-1","max-image-preview":"max-image-preview:large","max-video-preview":"max-video-preview:-1"},"canonical":"https:\/\/geafilms.com\/en\/blog\/","og_locale":"en_GB","og_type":"article","og_title":"GeaFilms Blog \u25b7 Historias Visuales y Turismo Rural","og_description":"Descubre en nuestro blog c\u00f3mo GeaFilms utiliza el video para transformar y promocionar alojamientos rurales.","og_url":"https:\/\/geafilms.com\/en\/blog\/","og_site_name":"GeaFilms: Producciones Audiovisuales","article_modified_time":"2025-09-22T07:45:00+00:00","og_image":[{"width":1400,"height":787,"url":"https:\/\/geafilms.com\/wp-content\/uploads\/2025\/01\/Es-Camp-de-Mar.webp","type":"image\/webp"}],"twitter_card":"summary_large_image","twitter_misc":{"Estimated reading time":"5 minutes"},"schema":{"@context":"https:\/\/schema.org","@graph":[{"@type":"WebPage","@id":"https:\/\/geafilms.com\/blog\/","url":"https:\/\/geafilms.com\/blog\/","name":"GeaFilms Blog \u25b7 Historias Visuales y Turismo Rural","isPartOf":{"@id":"https:\/\/geafilms.com\/#website"},"primaryImageOfPage":{"@id":"https:\/\/geafilms.com\/blog\/#primaryimage"},"image":{"@id":"https:\/\/geafilms.com\/blog\/#primaryimage"},"thumbnailUrl":"https:\/\/geafilms.com\/wp-content\/uploads\/2025\/01\/Es-Camp-de-Mar.webp","datePublished":"2025-02-03T17:32:06+00:00","dateModified":"2025-09-22T07:45:00+00:00","description":"Descubre en nuestro blog c\u00f3mo GeaFilms utiliza el video para transformar y promocionar alojamientos rurales.","breadcrumb":{"@id":"https:\/\/geafilms.com\/blog\/#breadcrumb"},"inLanguage":"en-GB","potentialAction":[{"@type":"ReadAction","target":["https:\/\/geafilms.com\/blog\/"]}]},{"@type":"ImageObject","inLanguage":"en-GB","@id":"https:\/\/geafilms.com\/blog\/#primaryimage","url":"https:\/\/geafilms.com\/wp-content\/uploads\/2025\/01\/Es-Camp-de-Mar.webp","contentUrl":"https:\/\/geafilms.com\/wp-content\/uploads\/2025\/01\/Es-Camp-de-Mar.webp","width":1400,"height":787,"caption":"Cala y casa vista desde arriba"},{"@type":"BreadcrumbList","@id":"https:\/\/geafilms.com\/blog\/#breadcrumb","itemListElement":[{"@type":"ListItem","position":1,"name":"Portada","item":"https:\/\/geafilms.com\/"},{"@type":"ListItem","position":2,"name":"Blog"}]},{"@type":"WebSite","@id":"https:\/\/geafilms.com\/#website","url":"https:\/\/geafilms.com\/","name":"Geafilms | Productora Audiovisual en Mallorca","description":"Creamos videos para Alojamientos Rurales que buscan mejor visibilidad y profesionalidad en web y redes. Te ayudamos con marketing digital para conectar con m\u00e1s clientes, optimizar su experiencia y fortalecer relaciones basadas en confianza.","publisher":{"@id":"https:\/\/geafilms.com\/#organization"},"alternateName":"Geafilms","potentialAction":[{"@type":"SearchAction","target":{"@type":"EntryPoint","urlTemplate":"https:\/\/geafilms.com\/?s={search_term_string}"},"query-input":{"@type":"PropertyValueSpecification","valueRequired":true,"valueName":"search_term_string"}}],"inLanguage":"en-GB"},{"@type":"Organization","@id":"https:\/\/geafilms.com\/#organization","name":"Geafilms | Productora Audiovisual en Mallorca","url":"https:\/\/geafilms.com\/","logo":{"@type":"ImageObject","inLanguage":"en-GB","@id":"https:\/\/geafilms.com\/#\/schema\/logo\/image\/","url":"https:\/\/geafilms.com\/wp-content\/uploads\/2021\/11\/logo-apaisado-fondo-oscuro.webp","contentUrl":"https:\/\/geafilms.com\/wp-content\/uploads\/2021\/11\/logo-apaisado-fondo-oscuro.webp","width":1563,"height":313,"caption":"Geafilms | Productora Audiovisual en Mallorca"},"image":{"@id":"https:\/\/geafilms.com\/#\/schema\/logo\/image\/"}}]}},"_links":{"self":[{"href":"https:\/\/geafilms.com\/en\/wp-json\/wp\/v2\/pages\/2261","targetHints":{"allow":["GET"]}}],"collection":[{"href":"https:\/\/geafilms.com\/en\/wp-json\/wp\/v2\/pages"}],"about":[{"href":"https:\/\/geafilms.com\/en\/wp-json\/wp\/v2\/types\/page"}],"author":[{"embeddable":true,"href":"https:\/\/geafilms.com\/en\/wp-json\/wp\/v2\/users\/1"}],"replies":[{"embeddable":true,"href":"https:\/\/geafilms.com\/en\/wp-json\/wp\/v2\/comments?post=2261"}],"version-history":[{"count":16,"href":"https:\/\/geafilms.com\/en\/wp-json\/wp\/v2\/pages\/2261\/revisions"}],"predecessor-version":[{"id":2403,"href":"https:\/\/geafilms.com\/en\/wp-json\/wp\/v2\/pages\/2261\/revisions\/2403"}],"wp:featuredmedia":[{"embeddable":true,"href":"https:\/\/geafilms.com\/en\/wp-json\/wp\/v2\/media\/2054"}],"wp:attachment":[{"href":"https:\/\/geafilms.com\/en\/wp-json\/wp\/v2\/media?parent=2261"}],"curies":[{"name":"wp","href":"https:\/\/api.w.org\/{rel}","templated":true}]}}